{"id":1263,"date":"2021-09-21T11:59:52","date_gmt":"2021-09-21T11:59:52","guid":{"rendered":"https:\/\/koraledetale.pl\/?post_type=product&#038;p=1263"},"modified":"2024-11-11T15:30:37","modified_gmt":"2024-11-11T15:30:37","slug":"naszyjnik-z-perel-z-moneta-wersja-zlota","status":"publish","type":"product","link":"https:\/\/koraledetale.pl\/?product=naszyjnik-z-perel-z-moneta-wersja-zlota","title":{"rendered":"Naszyjnik z pere\u0142 z monet\u0105 \u2013 wersja z\u0142ota"},"content":{"rendered":"<p>Wielko\u015b\u0107 kamieni:<\/p>\n<ul>\n<li>per\u0142a \u2013 3,5&#215;2 mm,<\/li>\n<li>hematyt \u2013 2 mm.<\/li>\n<\/ul>\n<p>D\u0142ugo\u015b\u0107 naszyjnika: 38 \u2013 42 cm + zawieszka 1,6 cm (wraz z k\u00f3\u0142kiem).<\/p>\n","protected":false},"excerpt":{"rendered":"<p>Delikatny, kr\u00f3tki naszyjnik z drobnych pere\u0142 z jednostronn\u0105 monet\u0105. Naszyjnik ma przed\u0142u\u017ck\u0119 umo\u017cliwiaj\u0105ca w\u0142a\u015bciwe dopasowanie przy szyi. Wszystkie elementy metalowe wykonane s\u0105 ze stali chirurgicznej (szlachetnej).<\/p>\n","protected":false},"featured_media":1264,"comment_status":"open","ping_status":"closed","template":"","meta":{"advanced_seo_description":"","jetpack_seo_html_title":"","jetpack_seo_noindex":false},"product_brand":[],"product_cat":[229],"product_tag":[524,523,69,57,31],"class_list":{"0":"post-1263","1":"product","2":"type-product","3":"status-publish","4":"has-post-thumbnail","6":"product_cat-sprzedane","7":"product_tag-choker-z-drobnych-perel","8":"product_tag-krotki-naszyjnik-z-drobnych-perel-z-moneta","9":"product_tag-moneta","10":"product_tag-perla","11":"product_tag-zloty-hematyt","13":"first","14":"outofstock","15":"shipping-taxable","16":"product-type-simple"},"jetpack_sharing_enabled":true,"_links":{"self":[{"href":"https:\/\/koraledetale.pl\/index.php?rest_route=\/wp\/v2\/product\/1263","targetHints":{"allow":["GET"]}}],"collection":[{"href":"https:\/\/koraledetale.pl\/index.php?rest_route=\/wp\/v2\/product"}],"about":[{"href":"https:\/\/koraledetale.pl\/index.php?rest_route=\/wp\/v2\/types\/product"}],"replies":[{"embeddable":true,"href":"https:\/\/koraledetale.pl\/index.php?rest_route=%2Fwp%2Fv2%2Fcomments&post=1263"}],"wp:featuredmedia":[{"embeddable":true,"href":"https:\/\/koraledetale.pl\/index.php?rest_route=\/wp\/v2\/media\/1264"}],"wp:attachment":[{"href":"https:\/\/koraledetale.pl\/index.php?rest_route=%2Fwp%2Fv2%2Fmedia&parent=1263"}],"wp:term":[{"taxonomy":"product_brand","embeddable":true,"href":"https:\/\/koraledetale.pl\/index.php?rest_route=%2Fwp%2Fv2%2Fproduct_brand&post=1263"},{"taxonomy":"product_cat","embeddable":true,"href":"https:\/\/koraledetale.pl\/index.php?rest_route=%2Fwp%2Fv2%2Fproduct_cat&post=1263"},{"taxonomy":"product_tag","embeddable":true,"href":"https:\/\/koraledetale.pl\/index.php?rest_route=%2Fwp%2Fv2%2Fproduct_tag&post=1263"}],"curies":[{"name":"wp","href":"https:\/\/api.w.org\/{rel}","templated":true}]}}