{"id":126,"date":"2021-04-15T18:51:33","date_gmt":"2021-04-15T18:51:33","guid":{"rendered":"https:\/\/koraledetale.pl\/?post_type=product&#038;p=126"},"modified":"2023-03-28T09:03:55","modified_gmt":"2023-03-28T09:03:55","slug":"pierscionek-labradoryt-w-kostce","status":"publish","type":"product","link":"https:\/\/koraledetale.pl\/?product=pierscionek-labradoryt-w-kostce","title":{"rendered":"Pier\u015bcionek LABRADORYT W KOSTCE"},"content":{"rendered":"<div class=\"kvgmc6g5 cxmmr5t8 oygrvhab hcukyx3x c1et5uql\">Wielko\u015b\u0107 kamieni:<\/div>\n<ul>\n<li class=\"o9v6fnle cxmmr5t8 oygrvhab hcukyx3x c1et5uql\">labradoryt: 5&#215;5 mm,<\/li>\n<li class=\"o9v6fnle cxmmr5t8 oygrvhab hcukyx3x c1et5uql\">hematyt: 2 mm i 2&#215;1 mm.<\/li>\n<\/ul>\n<div class=\"o9v6fnle cxmmr5t8 oygrvhab hcukyx3x c1et5uql\">Wielko\u015b\u0107 pier\u015bcionka prezentowanego na zdj\u0119ciu: 5,8 cm (rozmiar 14-15).<\/div>\n<div><\/div>\n<div class=\"o9v6fnle cxmmr5t8 oygrvhab hcukyx3x c1et5uql\">W celu zam\u00f3wienia pier\u015bcionka w polu &#8220;uwagi do zam\u00f3wienia&#8221; (w formularzu zam\u00f3wienia) wpisz obw\u00f3d palca.<\/div>\n","protected":false},"excerpt":{"rendered":"<p>Elastyczny pier\u015bcionek ze srebrnymi hematytami i sze\u015bciennym, szlifowanym labradorytem.<\/p>\n","protected":false},"featured_media":127,"comment_status":"open","ping_status":"closed","template":"","meta":{"advanced_seo_description":"","jetpack_seo_html_title":"","jetpack_seo_noindex":false},"product_brand":[],"product_cat":[19],"product_tag":[56,49,50,51,76,26],"class_list":{"0":"post-126","1":"product","2":"type-product","3":"status-publish","4":"has-post-thumbnail","6":"product_cat-pierscionki","7":"product_tag-labradoryt","8":"product_tag-pierscionek","9":"product_tag-pierscionek-elastyczny","10":"product_tag-pierscionek-z-kamieniami-naturalnymi","11":"product_tag-pierscionek-z-labradorytem","12":"product_tag-srebrny-hematyt","14":"first","15":"instock","16":"shipping-taxable","17":"purchasable","18":"product-type-simple"},"jetpack_sharing_enabled":true,"_links":{"self":[{"href":"https:\/\/koraledetale.pl\/index.php?rest_route=\/wp\/v2\/product\/126","targetHints":{"allow":["GET"]}}],"collection":[{"href":"https:\/\/koraledetale.pl\/index.php?rest_route=\/wp\/v2\/product"}],"about":[{"href":"https:\/\/koraledetale.pl\/index.php?rest_route=\/wp\/v2\/types\/product"}],"replies":[{"embeddable":true,"href":"https:\/\/koraledetale.pl\/index.php?rest_route=%2Fwp%2Fv2%2Fcomments&post=126"}],"wp:featuredmedia":[{"embeddable":true,"href":"https:\/\/koraledetale.pl\/index.php?rest_route=\/wp\/v2\/media\/127"}],"wp:attachment":[{"href":"https:\/\/koraledetale.pl\/index.php?rest_route=%2Fwp%2Fv2%2Fmedia&parent=126"}],"wp:term":[{"taxonomy":"product_brand","embeddable":true,"href":"https:\/\/koraledetale.pl\/index.php?rest_route=%2Fwp%2Fv2%2Fproduct_brand&post=126"},{"taxonomy":"product_cat","embeddable":true,"href":"https:\/\/koraledetale.pl\/index.php?rest_route=%2Fwp%2Fv2%2Fproduct_cat&post=126"},{"taxonomy":"product_tag","embeddable":true,"href":"https:\/\/koraledetale.pl\/index.php?rest_route=%2Fwp%2Fv2%2Fproduct_tag&post=126"}],"curies":[{"name":"wp","href":"https:\/\/api.w.org\/{rel}","templated":true}]}}