{"id":1232,"date":"2021-09-16T10:50:08","date_gmt":"2021-09-16T10:50:08","guid":{"rendered":"https:\/\/koraledetale.pl\/?post_type=product&#038;p=1232"},"modified":"2024-11-11T15:31:19","modified_gmt":"2024-11-11T15:31:19","slug":"bransoletka-z-kunzytem-rubelitem-i-granatem","status":"publish","type":"product","link":"https:\/\/koraledetale.pl\/?product=bransoletka-z-kunzytem-rubelitem-i-granatem","title":{"rendered":"Bransoletka z kunzytem, rubelitem i granatem"},"content":{"rendered":"<p>Wielko\u015b\u0107 kamieni:<\/p>\n<ul>\n<li>kunzyt \u2013 2,5 mm i 3,5 mm (przy przed\u0142u\u017cce),<\/li>\n<li>rubelit \u2013 2,5 mm,<\/li>\n<li>granat &#8211; 2 mm,<\/li>\n<li>hematyt \u2013 2 mm.<\/li>\n<\/ul>\n<p>D\u0142ugo\u015b\u0107 bransoletki: 16-18,5 cm.<\/p>\n","protected":false},"excerpt":{"rendered":"<p>Bransoletka z drobnych kunzyt\u00f3w, przeplatanych rubelitami, granatami i z\u0142otymi hematytami. Bransoletka ma przed\u0142u\u017ck\u0119 umo\u017cliwiaj\u0105c\u0105 w\u0142a\u015bciwe dopasowanie do obwodu nadgarstka. Zapi\u0119cie wykonane jest z nieuczulaj\u0105cej stali chirurgicznej (szlachetnej).<\/p>\n","protected":false},"featured_media":1222,"comment_status":"open","ping_status":"closed","template":"","meta":{"advanced_seo_description":"","jetpack_seo_html_title":"","jetpack_seo_noindex":false},"product_brand":[],"product_cat":[229],"product_tag":[79,515,71,516,31],"class_list":{"0":"post-1232","1":"product","2":"type-product","3":"status-publish","4":"has-post-thumbnail","6":"product_cat-sprzedane","7":"product_tag-bransoletka-z-drobnych-kamieni","8":"product_tag-bransoletka-z-kunzytem","9":"product_tag-granat","10":"product_tag-rubelit","11":"product_tag-zloty-hematyt","13":"first","14":"outofstock","15":"shipping-taxable","16":"product-type-simple"},"jetpack_sharing_enabled":true,"_links":{"self":[{"href":"https:\/\/koraledetale.pl\/index.php?rest_route=\/wp\/v2\/product\/1232","targetHints":{"allow":["GET"]}}],"collection":[{"href":"https:\/\/koraledetale.pl\/index.php?rest_route=\/wp\/v2\/product"}],"about":[{"href":"https:\/\/koraledetale.pl\/index.php?rest_route=\/wp\/v2\/types\/product"}],"replies":[{"embeddable":true,"href":"https:\/\/koraledetale.pl\/index.php?rest_route=%2Fwp%2Fv2%2Fcomments&post=1232"}],"wp:featuredmedia":[{"embeddable":true,"href":"https:\/\/koraledetale.pl\/index.php?rest_route=\/wp\/v2\/media\/1222"}],"wp:attachment":[{"href":"https:\/\/koraledetale.pl\/index.php?rest_route=%2Fwp%2Fv2%2Fmedia&parent=1232"}],"wp:term":[{"taxonomy":"product_brand","embeddable":true,"href":"https:\/\/koraledetale.pl\/index.php?rest_route=%2Fwp%2Fv2%2Fproduct_brand&post=1232"},{"taxonomy":"product_cat","embeddable":true,"href":"https:\/\/koraledetale.pl\/index.php?rest_route=%2Fwp%2Fv2%2Fproduct_cat&post=1232"},{"taxonomy":"product_tag","embeddable":true,"href":"https:\/\/koraledetale.pl\/index.php?rest_route=%2Fwp%2Fv2%2Fproduct_tag&post=1232"}],"curies":[{"name":"wp","href":"https:\/\/api.w.org\/{rel}","templated":true}]}}