{"id":1230,"date":"2021-09-16T10:44:03","date_gmt":"2021-09-16T10:44:03","guid":{"rendered":"https:\/\/koraledetale.pl\/?post_type=product&#038;p=1230"},"modified":"2024-11-11T15:31:29","modified_gmt":"2024-11-11T15:31:29","slug":"bransoletka-z-granatami-i-rozowa-perla","status":"publish","type":"product","link":"https:\/\/koraledetale.pl\/?product=bransoletka-z-granatami-i-rozowa-perla","title":{"rendered":"Bransoletka z granatami i r\u00f3\u017cow\u0105 per\u0142\u0105"},"content":{"rendered":"<p>Wielko\u015b\u0107 kamieni:<\/p>\n<ul>\n<li>granat \u2013 2 mm i 3 mm (przy przed\u0142u\u017cce),<\/li>\n<li>per\u0142a \u2013 5&#215;3,5 mm,<\/li>\n<li>hematyt \u2013 2 mm.<\/li>\n<\/ul>\n<p>D\u0142ugo\u015b\u0107 bransoletki: 16-18,5 cm.<\/p>\n","protected":false},"excerpt":{"rendered":"<p>Minimalistyczna bransoletka z drobnych granat\u00f3w z r\u00f3\u017cow\u0105 per\u0142\u0105 pomi\u0119dzy z\u0142otymi hematytami w centrum. Bransoletka ma przed\u0142u\u017ck\u0119 umo\u017cliwiaj\u0105c\u0105 w\u0142a\u015bciwe dopasowanie do obwodu nadgarstka. Zapi\u0119cie wykonane jest z nieuczulaj\u0105cej stali chirurgicznej (szlachetnej).<\/p>\n","protected":false},"featured_media":1224,"comment_status":"open","ping_status":"closed","template":"","meta":{"advanced_seo_description":"","jetpack_seo_html_title":"","jetpack_seo_noindex":false},"product_brand":[],"product_cat":[229],"product_tag":[514,71,513,75,31],"class_list":{"0":"post-1230","1":"product","2":"type-product","3":"status-publish","4":"has-post-thumbnail","6":"product_cat-sprzedane","7":"product_tag-bransoletka-z-granatow-z-rozowa-perla","8":"product_tag-granat","9":"product_tag-minimalistyczna-bransoletka-z-drobnych-kamieni","10":"product_tag-rozowa-perla","11":"product_tag-zloty-hematyt","13":"first","14":"outofstock","15":"shipping-taxable","16":"product-type-simple"},"jetpack_sharing_enabled":true,"_links":{"self":[{"href":"https:\/\/koraledetale.pl\/index.php?rest_route=\/wp\/v2\/product\/1230","targetHints":{"allow":["GET"]}}],"collection":[{"href":"https:\/\/koraledetale.pl\/index.php?rest_route=\/wp\/v2\/product"}],"about":[{"href":"https:\/\/koraledetale.pl\/index.php?rest_route=\/wp\/v2\/types\/product"}],"replies":[{"embeddable":true,"href":"https:\/\/koraledetale.pl\/index.php?rest_route=%2Fwp%2Fv2%2Fcomments&post=1230"}],"wp:featuredmedia":[{"embeddable":true,"href":"https:\/\/koraledetale.pl\/index.php?rest_route=\/wp\/v2\/media\/1224"}],"wp:attachment":[{"href":"https:\/\/koraledetale.pl\/index.php?rest_route=%2Fwp%2Fv2%2Fmedia&parent=1230"}],"wp:term":[{"taxonomy":"product_brand","embeddable":true,"href":"https:\/\/koraledetale.pl\/index.php?rest_route=%2Fwp%2Fv2%2Fproduct_brand&post=1230"},{"taxonomy":"product_cat","embeddable":true,"href":"https:\/\/koraledetale.pl\/index.php?rest_route=%2Fwp%2Fv2%2Fproduct_cat&post=1230"},{"taxonomy":"product_tag","embeddable":true,"href":"https:\/\/koraledetale.pl\/index.php?rest_route=%2Fwp%2Fv2%2Fproduct_tag&post=1230"}],"curies":[{"name":"wp","href":"https:\/\/api.w.org\/{rel}","templated":true}]}}