{"id":1214,"date":"2021-09-15T11:59:44","date_gmt":"2021-09-15T11:59:44","guid":{"rendered":"https:\/\/koraledetale.pl\/?post_type=product&#038;p=1214"},"modified":"2024-11-11T15:22:34","modified_gmt":"2024-11-11T15:22:34","slug":"naszyjnik-wilcze-oko","status":"publish","type":"product","link":"https:\/\/koraledetale.pl\/?product=naszyjnik-wilcze-oko","title":{"rendered":"Naszyjnik MGLISTY PORANEK"},"content":{"rendered":"<p>Wielko\u015b\u0107 kamieni:<\/p>\n<ul>\n<li>tanzanit &#8211; 4 mm,<\/li>\n<li>kamie\u0144 s\u0142oneczny i ksi\u0119\u017cycowy &#8211; 3,5 mm,<\/li>\n<li>obsydian &#8211; 3,8 mm,<\/li>\n<li>kwarc lemon &#8211; 12&#215;8 mm,<\/li>\n<li>hematyt &#8211; 2 mm.<\/li>\n<\/ul>\n<p>Wielko\u015b\u0107 rozety &#8211; 15&#215;15 mm.<\/p>\n<p>D\u0142ugo\u015b\u0107 naszyjnika &#8211; 76 cm + zawieszka 3,4 cm.<\/p>\n<p>&nbsp;<\/p>\n<p>&nbsp;<\/p>\n<p>&nbsp;<\/p>\n","protected":false},"excerpt":{"rendered":"<p>D\u0142ugo naszyjnik z miksu kamieni: tanzanit\u00f3w, kamieni s\u0142onecznych i ksi\u0119\u017cycowych, z\u0142otego obsydianu oraz z\u0142otego hematytu. Zwie\u0144czeniem naszyjnika jest zawieszka ze stali chirurgicznej (szlachetnej) w kszta\u0142cie rozety z kropl\u0105 kwarcu lemon.<\/p>\n","protected":false},"featured_media":1216,"comment_status":"open","ping_status":"closed","template":"","meta":{"advanced_seo_description":"","jetpack_seo_html_title":"","jetpack_seo_noindex":false},"product_brand":[],"product_cat":[229],"product_tag":[509,64,94,510,508,32],"class_list":{"0":"post-1214","1":"product","2":"type-product","3":"status-publish","4":"has-post-thumbnail","6":"product_cat-sprzedane","7":"product_tag-dlugi-naszyjnik-z-tanzanitami","8":"product_tag-kamien-ksiezycowy","9":"product_tag-kamien-sloneczny","10":"product_tag-kwarc-lemon","11":"product_tag-tanzanit","12":"product_tag-zloty-obsydian","14":"first","15":"outofstock","16":"shipping-taxable","17":"product-type-simple"},"jetpack_sharing_enabled":true,"_links":{"self":[{"href":"https:\/\/koraledetale.pl\/index.php?rest_route=\/wp\/v2\/product\/1214","targetHints":{"allow":["GET"]}}],"collection":[{"href":"https:\/\/koraledetale.pl\/index.php?rest_route=\/wp\/v2\/product"}],"about":[{"href":"https:\/\/koraledetale.pl\/index.php?rest_route=\/wp\/v2\/types\/product"}],"replies":[{"embeddable":true,"href":"https:\/\/koraledetale.pl\/index.php?rest_route=%2Fwp%2Fv2%2Fcomments&post=1214"}],"wp:featuredmedia":[{"embeddable":true,"href":"https:\/\/koraledetale.pl\/index.php?rest_route=\/wp\/v2\/media\/1216"}],"wp:attachment":[{"href":"https:\/\/koraledetale.pl\/index.php?rest_route=%2Fwp%2Fv2%2Fmedia&parent=1214"}],"wp:term":[{"taxonomy":"product_brand","embeddable":true,"href":"https:\/\/koraledetale.pl\/index.php?rest_route=%2Fwp%2Fv2%2Fproduct_brand&post=1214"},{"taxonomy":"product_cat","embeddable":true,"href":"https:\/\/koraledetale.pl\/index.php?rest_route=%2Fwp%2Fv2%2Fproduct_cat&post=1214"},{"taxonomy":"product_tag","embeddable":true,"href":"https:\/\/koraledetale.pl\/index.php?rest_route=%2Fwp%2Fv2%2Fproduct_tag&post=1214"}],"curies":[{"name":"wp","href":"https:\/\/api.w.org\/{rel}","templated":true}]}}