{"id":1211,"date":"2021-09-13T14:10:54","date_gmt":"2021-09-13T14:10:54","guid":{"rendered":"https:\/\/koraledetale.pl\/?post_type=product&#038;p=1211"},"modified":"2024-11-11T15:22:58","modified_gmt":"2024-11-11T15:22:58","slug":"kolczyki-talizman-z-czarnym-turmalinem","status":"publish","type":"product","link":"https:\/\/koraledetale.pl\/?product=kolczyki-talizman-z-czarnym-turmalinem","title":{"rendered":"Kolczyki TALIZMAN z czarnym turmalinem"},"content":{"rendered":"<p>Wielko\u015b\u0107 kamieni:<\/p>\n<ul>\n<li>hematyt \u2013 2 mm, 3,5\u00d71 mm,<\/li>\n<li>turmalin \u2013 9\u00d79 mm.<\/li>\n<\/ul>\n<p>D\u0142ugo\u015b\u0107 kolczyk\u00f3w &#8211; 3,2 cm.<\/p>\n","protected":false},"excerpt":{"rendered":"<p>Kolczyki z czarnym turmalinem w postaci pi\u0119knie szlifowanej kostki, pomi\u0119dzy srebrnymi hematytami. Kolczyki wykonane s\u0105 z nieuczulaj\u0105cej stali chirurgicznej (szlachetnej).<\/p>\n","protected":false},"featured_media":1204,"comment_status":"open","ping_status":"closed","template":"","meta":{"advanced_seo_description":"","jetpack_seo_html_title":"","jetpack_seo_noindex":false},"product_brand":[],"product_cat":[229],"product_tag":[226,507,107,401],"class_list":{"0":"post-1211","1":"product","2":"type-product","3":"status-publish","4":"has-post-thumbnail","6":"product_cat-sprzedane","7":"product_tag-kolczyki-kolka","8":"product_tag-kolczyki-z-czarnym-turmalinem","9":"product_tag-kolczyki-ze-stali-chirurgicznej","10":"product_tag-lekkie-kolczyki-ze-stali-szlachetnej","12":"first","13":"outofstock","14":"shipping-taxable","15":"product-type-simple"},"jetpack_sharing_enabled":true,"_links":{"self":[{"href":"https:\/\/koraledetale.pl\/index.php?rest_route=\/wp\/v2\/product\/1211","targetHints":{"allow":["GET"]}}],"collection":[{"href":"https:\/\/koraledetale.pl\/index.php?rest_route=\/wp\/v2\/product"}],"about":[{"href":"https:\/\/koraledetale.pl\/index.php?rest_route=\/wp\/v2\/types\/product"}],"replies":[{"embeddable":true,"href":"https:\/\/koraledetale.pl\/index.php?rest_route=%2Fwp%2Fv2%2Fcomments&post=1211"}],"wp:featuredmedia":[{"embeddable":true,"href":"https:\/\/koraledetale.pl\/index.php?rest_route=\/wp\/v2\/media\/1204"}],"wp:attachment":[{"href":"https:\/\/koraledetale.pl\/index.php?rest_route=%2Fwp%2Fv2%2Fmedia&parent=1211"}],"wp:term":[{"taxonomy":"product_brand","embeddable":true,"href":"https:\/\/koraledetale.pl\/index.php?rest_route=%2Fwp%2Fv2%2Fproduct_brand&post=1211"},{"taxonomy":"product_cat","embeddable":true,"href":"https:\/\/koraledetale.pl\/index.php?rest_route=%2Fwp%2Fv2%2Fproduct_cat&post=1211"},{"taxonomy":"product_tag","embeddable":true,"href":"https:\/\/koraledetale.pl\/index.php?rest_route=%2Fwp%2Fv2%2Fproduct_tag&post=1211"}],"curies":[{"name":"wp","href":"https:\/\/api.w.org\/{rel}","templated":true}]}}