{"id":1202,"date":"2021-09-13T14:00:58","date_gmt":"2021-09-13T14:00:58","guid":{"rendered":"https:\/\/koraledetale.pl\/?post_type=product&#038;p=1202"},"modified":"2024-11-11T15:23:16","modified_gmt":"2024-11-11T15:23:16","slug":"naszyjnik-talizman-z-czarnym-turmalinem","status":"publish","type":"product","link":"https:\/\/koraledetale.pl\/?product=naszyjnik-talizman-z-czarnym-turmalinem","title":{"rendered":"Naszyjnik TALIZMAN z czarnym turmalinem"},"content":{"rendered":"<p>Wielko\u015b\u0107 kamieni:<\/p>\n<ul>\n<li>hematyt &#8211; 2&#215;2 mm, 3,5&#215;1 mm,<\/li>\n<li>turmalin &#8211; 9&#215;9 mm.<\/li>\n<\/ul>\n<p>D\u0142ugo\u015b\u0107 naszyjnika: 45-50 cm + zawieszka 1,7 cm.<\/p>\n","protected":false},"excerpt":{"rendered":"<p style=\"text-align: left;\">Naszyjnik z czarnym turmalinem w postaci pi\u0119knie szlifowanej kostki, zawieszonej na \u0142a\u0144cuszku z drobnych wa\u0142eczk\u00f3w srebrnych hematyt\u00f3w zasupe\u0142kowanych na czarnej, mocnej nici jubilerskiej. Wszystkie elementy metalowe wykonane s\u0105 z nieuczulaj\u0105cej stali chirurgicznej (szlachetnej).<\/p>\n","protected":false},"featured_media":1205,"comment_status":"open","ping_status":"closed","template":"","meta":{"advanced_seo_description":"","jetpack_seo_html_title":"","jetpack_seo_noindex":false},"product_brand":[],"product_cat":[229],"product_tag":[288,506,504,148,505],"class_list":{"0":"post-1202","1":"product","2":"type-product","3":"status-publish","4":"has-post-thumbnail","6":"product_cat-sprzedane","7":"product_tag-czarny-turmalin","8":"product_tag-naszyjnik-z-czarnym-turmalinem","9":"product_tag-naszyjnik-z-drobnych-hematytow-i-czarnego-turmalinu","10":"product_tag-naszyjnik-z-drobnych-kamieni","11":"product_tag-srebrny-chematyt","13":"first","14":"outofstock","15":"shipping-taxable","16":"product-type-simple"},"jetpack_sharing_enabled":true,"_links":{"self":[{"href":"https:\/\/koraledetale.pl\/index.php?rest_route=\/wp\/v2\/product\/1202","targetHints":{"allow":["GET"]}}],"collection":[{"href":"https:\/\/koraledetale.pl\/index.php?rest_route=\/wp\/v2\/product"}],"about":[{"href":"https:\/\/koraledetale.pl\/index.php?rest_route=\/wp\/v2\/types\/product"}],"replies":[{"embeddable":true,"href":"https:\/\/koraledetale.pl\/index.php?rest_route=%2Fwp%2Fv2%2Fcomments&post=1202"}],"wp:featuredmedia":[{"embeddable":true,"href":"https:\/\/koraledetale.pl\/index.php?rest_route=\/wp\/v2\/media\/1205"}],"wp:attachment":[{"href":"https:\/\/koraledetale.pl\/index.php?rest_route=%2Fwp%2Fv2%2Fmedia&parent=1202"}],"wp:term":[{"taxonomy":"product_brand","embeddable":true,"href":"https:\/\/koraledetale.pl\/index.php?rest_route=%2Fwp%2Fv2%2Fproduct_brand&post=1202"},{"taxonomy":"product_cat","embeddable":true,"href":"https:\/\/koraledetale.pl\/index.php?rest_route=%2Fwp%2Fv2%2Fproduct_cat&post=1202"},{"taxonomy":"product_tag","embeddable":true,"href":"https:\/\/koraledetale.pl\/index.php?rest_route=%2Fwp%2Fv2%2Fproduct_tag&post=1202"}],"curies":[{"name":"wp","href":"https:\/\/api.w.org\/{rel}","templated":true}]}}