{"id":1200,"date":"2021-09-09T12:16:06","date_gmt":"2021-09-09T12:16:06","guid":{"rendered":"https:\/\/koraledetale.pl\/?post_type=product&#038;p=1200"},"modified":"2024-11-11T15:23:35","modified_gmt":"2024-11-11T15:23:35","slug":"bransoletka-mech-i-paproc","status":"publish","type":"product","link":"https:\/\/koraledetale.pl\/?product=bransoletka-mech-i-paproc","title":{"rendered":"Bransoletka MECH I PAPRO\u0106"},"content":{"rendered":"<p>Wielko\u015b\u0107 kamieni:<\/p>\n<ul>\n<li>zielony onyks (\u0142ezka) \u2013 11x11x6 mm,<\/li>\n<li>peridot (\u0142ezka) \u2013 8x6x4 mm,<\/li>\n<li>zoisyt -3,5 mm,<\/li>\n<li>frenit \u2013 3\u00d72,5 mm<\/li>\n<li>turmalin \u2013 3 mm,<\/li>\n<li>turkus \u2013 3 mm i 2,5 mm,<\/li>\n<li>agat \u2013 2 mm,<\/li>\n<li>malachit \u2013 2,5,<\/li>\n<li>zielony granat \u2013 3\u00d72 mm,<\/li>\n<li>hematyt \u2013 2 mm, 2,5\u00d71 mm, 3\u00d73 mm, 3,5\u00d72 mm, 4\u00d72 mm.<\/li>\n<\/ul>\n<p>Zawieszka &#8211; ksi\u0119\u017cyc: 11&#215;12 mm.<\/p>\n<p>D\u0142ugo\u015b\u0107 bransoletki \u2013 17,2 cm + zawieszki 4 cm.<\/p>\n","protected":false},"excerpt":{"rendered":"<p>Bransoletka z zielonych kamieni: zoisyt, turkus, frenit, agat, turmalin, malachit, granat, przeplatanych z\u0142otymi hematytami o r\u00f3\u017cnych kszta\u0142tach.\u00a0 Przy zapi\u0119ciu \u2013 k\u00f3\u0142ku, przewieszone s\u0105 zawieszki: sierp ksi\u0119\u017cyca, kropla zielonego onyksu i peridotu na \u0142a\u0144cuszku. Zapi\u0119cie i zawieszki wykonane s\u0105 ze stali chirurgicznej (szlachetnej).<\/p>\n","protected":false},"featured_media":1192,"comment_status":"open","ping_status":"closed","template":"","meta":{"advanced_seo_description":"","jetpack_seo_html_title":"","jetpack_seo_noindex":false},"product_brand":[],"product_cat":[229],"product_tag":[127,503,502,125,158,500,105,87,86,152,126,31],"class_list":{"0":"post-1200","1":"product","2":"type-product","3":"status-publish","4":"has-post-thumbnail","6":"product_cat-sprzedane","7":"product_tag-agat","8":"product_tag-bransoletka-z-zawieszkami","9":"product_tag-bransoletka-z-zielonych-kamieni-naturalnych","10":"product_tag-frenit","11":"product_tag-malachit","12":"product_tag-peridot","13":"product_tag-turkus","14":"product_tag-turmalin","15":"product_tag-zielony-granat","16":"product_tag-zielony-onyks","17":"product_tag-zoisyt","18":"product_tag-zloty-hematyt","20":"first","21":"outofstock","22":"shipping-taxable","23":"product-type-simple"},"jetpack_sharing_enabled":true,"_links":{"self":[{"href":"https:\/\/koraledetale.pl\/index.php?rest_route=\/wp\/v2\/product\/1200","targetHints":{"allow":["GET"]}}],"collection":[{"href":"https:\/\/koraledetale.pl\/index.php?rest_route=\/wp\/v2\/product"}],"about":[{"href":"https:\/\/koraledetale.pl\/index.php?rest_route=\/wp\/v2\/types\/product"}],"replies":[{"embeddable":true,"href":"https:\/\/koraledetale.pl\/index.php?rest_route=%2Fwp%2Fv2%2Fcomments&post=1200"}],"wp:featuredmedia":[{"embeddable":true,"href":"https:\/\/koraledetale.pl\/index.php?rest_route=\/wp\/v2\/media\/1192"}],"wp:attachment":[{"href":"https:\/\/koraledetale.pl\/index.php?rest_route=%2Fwp%2Fv2%2Fmedia&parent=1200"}],"wp:term":[{"taxonomy":"product_brand","embeddable":true,"href":"https:\/\/koraledetale.pl\/index.php?rest_route=%2Fwp%2Fv2%2Fproduct_brand&post=1200"},{"taxonomy":"product_cat","embeddable":true,"href":"https:\/\/koraledetale.pl\/index.php?rest_route=%2Fwp%2Fv2%2Fproduct_cat&post=1200"},{"taxonomy":"product_tag","embeddable":true,"href":"https:\/\/koraledetale.pl\/index.php?rest_route=%2Fwp%2Fv2%2Fproduct_tag&post=1200"}],"curies":[{"name":"wp","href":"https:\/\/api.w.org\/{rel}","templated":true}]}}