{"id":1188,"date":"2021-09-09T12:04:59","date_gmt":"2021-09-09T12:04:59","guid":{"rendered":"https:\/\/koraledetale.pl\/?post_type=product&#038;p=1188"},"modified":"2025-04-20T11:07:11","modified_gmt":"2025-04-20T11:07:11","slug":"naszyjnik-mech-i-parpoc","status":"publish","type":"product","link":"https:\/\/koraledetale.pl\/?product=naszyjnik-mech-i-parpoc","title":{"rendered":"Naszyjnik MECH I PAPRO\u0106"},"content":{"rendered":"<p>Wielko\u015b\u0107 kamieni:<\/p>\n<ul>\n<li>zielony onyks (\u0142ezka) &#8211; 11x11x6 mm,<\/li>\n<li>peridot (\u0142ezka) &#8211; 8x6x4 mm,<\/li>\n<li>zoisyt -3,5 mm,<\/li>\n<li>frenit \u2013 3&#215;2,5 mm<\/li>\n<li>turmalin &#8211; 3 mm,<\/li>\n<li>turkus \u2013 3 mm i 2,5 mm,<\/li>\n<li>agat &#8211; 2 mm,<\/li>\n<li>malachit &#8211; 2,5,<\/li>\n<li>zielony granat &#8211; 3&#215;2 mm,<\/li>\n<li>hematyt \u2013 2 mm, 2,5\u00d71 mm, 3\u00d73 mm, 3,5\u00d72 mm, 4\u00d72 mm.<\/li>\n<\/ul>\n<p>Zawieszki:<\/p>\n<ul>\n<li>okr\u0105g\u0142a &#8211; 6 mm<\/li>\n<li>\u0142ezka &#8211; 6&#215;3,5 mm<\/li>\n<li>kulka &#8211; 4 mm,<\/li>\n<li>ksi\u0119\u017cyc &#8211; 17&#215;20 mm.<\/li>\n<\/ul>\n<p>D\u0142ugo\u015b\u0107 naszyjnika \u2013 88 cm + zawieszka 7 cm.<\/p>\n","protected":false},"excerpt":{"rendered":"<p>D\u0142ugi naszyjnik, kt\u00f3ry mo\u017cna owin\u0105\u0107 dwa razy wok\u00f3\u0142 szyi i powstan\u0105 dwa uzupe\u0142niaj\u0105ce si\u0119 naszyjniki. Zielone kamienie: zoisyt, turkus, frenit, agat, turmalin, malachit, granat, przeplatane s\u0105 z\u0142otymi hematytami o r\u00f3\u017cnych kszta\u0142tach. Kamienie zasupe\u0142kowane s\u0105 na zielonej, mocnej nici jubilerskiej. Zwie\u0144czeniem naszyjnika jest zawieszka &#8211; k\u00f3\u0142ko z\u00a0 sierpem ksi\u0119\u017cyca, z kropl\u0105 zielonego onyksu i peridotu na \u0142a\u0144cuszku. Zawieszki wplecione pomi\u0119dzy kamienie sparwiaj\u0105, \u017ce naszyjnik jest jeszcze ciekawszy. Zapi\u0119cie i zawieszki wykonane s\u0105 ze stali chirurgicznej (szlachetnej).<\/p>\n","protected":false},"featured_media":1198,"comment_status":"open","ping_status":"closed","template":"","meta":{"advanced_seo_description":"","jetpack_seo_html_title":"","jetpack_seo_noindex":false},"product_brand":[],"product_cat":[229],"product_tag":[127,498,125,67,501,158,500,497,105,87,86,152,499],"class_list":{"0":"post-1188","1":"product","2":"type-product","3":"status-publish","4":"has-post-thumbnail","6":"product_cat-sprzedane","7":"product_tag-agat","8":"product_tag-dlugi-naszyjnik-z-zielonymi-kamieniami","9":"product_tag-frenit","10":"product_tag-hematyt","11":"product_tag-ksiezyc","12":"product_tag-malachit","13":"product_tag-peridot","14":"product_tag-podwojny-naszyjnik-z-kamieniami-naturalnymi","15":"product_tag-turkus","16":"product_tag-turmalin","17":"product_tag-zielony-granat","18":"product_tag-zielony-onyks","19":"product_tag-zoistyt","21":"first","22":"outofstock","23":"shipping-taxable","24":"product-type-simple"},"jetpack_sharing_enabled":true,"_links":{"self":[{"href":"https:\/\/koraledetale.pl\/index.php?rest_route=\/wp\/v2\/product\/1188","targetHints":{"allow":["GET"]}}],"collection":[{"href":"https:\/\/koraledetale.pl\/index.php?rest_route=\/wp\/v2\/product"}],"about":[{"href":"https:\/\/koraledetale.pl\/index.php?rest_route=\/wp\/v2\/types\/product"}],"replies":[{"embeddable":true,"href":"https:\/\/koraledetale.pl\/index.php?rest_route=%2Fwp%2Fv2%2Fcomments&post=1188"}],"wp:featuredmedia":[{"embeddable":true,"href":"https:\/\/koraledetale.pl\/index.php?rest_route=\/wp\/v2\/media\/1198"}],"wp:attachment":[{"href":"https:\/\/koraledetale.pl\/index.php?rest_route=%2Fwp%2Fv2%2Fmedia&parent=1188"}],"wp:term":[{"taxonomy":"product_brand","embeddable":true,"href":"https:\/\/koraledetale.pl\/index.php?rest_route=%2Fwp%2Fv2%2Fproduct_brand&post=1188"},{"taxonomy":"product_cat","embeddable":true,"href":"https:\/\/koraledetale.pl\/index.php?rest_route=%2Fwp%2Fv2%2Fproduct_cat&post=1188"},{"taxonomy":"product_tag","embeddable":true,"href":"https:\/\/koraledetale.pl\/index.php?rest_route=%2Fwp%2Fv2%2Fproduct_tag&post=1188"}],"curies":[{"name":"wp","href":"https:\/\/api.w.org\/{rel}","templated":true}]}}