{"id":1175,"date":"2021-09-07T11:45:36","date_gmt":"2021-09-07T11:45:36","guid":{"rendered":"https:\/\/koraledetale.pl\/?post_type=product&#038;p=1175"},"modified":"2024-11-11T15:24:23","modified_gmt":"2024-11-11T15:24:23","slug":"kolczyki-z-rubinem-i-perla","status":"publish","type":"product","link":"https:\/\/koraledetale.pl\/?product=kolczyki-z-rubinem-i-perla","title":{"rendered":"Kolczyki z rubinem i per\u0142\u0105"},"content":{"rendered":"<p>Wielko\u015b\u0107 kamieni:<\/p>\n<ul>\n<li>per\u0142a &#8211; 4,5&#215;3,5 mm,<\/li>\n<li>rubin &#8211; 3,5 mm,<\/li>\n<li>hematyt &#8211; 3&#215;1 mm, 2 mm.<\/li>\n<\/ul>\n<p>D\u0142ugo\u015b\u0107 kolczyk\u00f3w &#8211; 1,8 cm.<\/p>\n","protected":false},"excerpt":{"rendered":"<p>Drobne kolczyki z r\u00f3\u017cow\u0105 per\u0142\u0105 i rubinem oraz z\u0142otymi hematytami. Kolczyki s\u0105 na sztyfcie, wykonane z nieuczulaj\u0105cej stali chirurgicznej (szlachetnej).<\/p>\n","protected":false},"featured_media":1178,"comment_status":"open","ping_status":"closed","template":"","meta":{"advanced_seo_description":"","jetpack_seo_html_title":"","jetpack_seo_noindex":false},"product_brand":[],"product_cat":[229],"product_tag":[493,492,107,75,117,31],"class_list":{"0":"post-1175","1":"product","2":"type-product","3":"status-publish","4":"has-post-thumbnail","6":"product_cat-sprzedane","7":"product_tag-drobne-kolczyki-z-rozowymi-kamieniami","8":"product_tag-kolczyki-na-sztyfcie-z-rubinami-i-perla","9":"product_tag-kolczyki-ze-stali-chirurgicznej","10":"product_tag-rozowa-perla","11":"product_tag-rubin","12":"product_tag-zloty-hematyt","14":"first","15":"outofstock","16":"shipping-taxable","17":"product-type-simple"},"jetpack_sharing_enabled":true,"_links":{"self":[{"href":"https:\/\/koraledetale.pl\/index.php?rest_route=\/wp\/v2\/product\/1175","targetHints":{"allow":["GET"]}}],"collection":[{"href":"https:\/\/koraledetale.pl\/index.php?rest_route=\/wp\/v2\/product"}],"about":[{"href":"https:\/\/koraledetale.pl\/index.php?rest_route=\/wp\/v2\/types\/product"}],"replies":[{"embeddable":true,"href":"https:\/\/koraledetale.pl\/index.php?rest_route=%2Fwp%2Fv2%2Fcomments&post=1175"}],"wp:featuredmedia":[{"embeddable":true,"href":"https:\/\/koraledetale.pl\/index.php?rest_route=\/wp\/v2\/media\/1178"}],"wp:attachment":[{"href":"https:\/\/koraledetale.pl\/index.php?rest_route=%2Fwp%2Fv2%2Fmedia&parent=1175"}],"wp:term":[{"taxonomy":"product_brand","embeddable":true,"href":"https:\/\/koraledetale.pl\/index.php?rest_route=%2Fwp%2Fv2%2Fproduct_brand&post=1175"},{"taxonomy":"product_cat","embeddable":true,"href":"https:\/\/koraledetale.pl\/index.php?rest_route=%2Fwp%2Fv2%2Fproduct_cat&post=1175"},{"taxonomy":"product_tag","embeddable":true,"href":"https:\/\/koraledetale.pl\/index.php?rest_route=%2Fwp%2Fv2%2Fproduct_tag&post=1175"}],"curies":[{"name":"wp","href":"https:\/\/api.w.org\/{rel}","templated":true}]}}