{"id":1153,"date":"2021-09-03T11:26:25","date_gmt":"2021-09-03T11:26:25","guid":{"rendered":"https:\/\/koraledetale.pl\/?post_type=product&#038;p=1153"},"modified":"2024-11-11T15:25:19","modified_gmt":"2024-11-11T15:25:19","slug":"bransoletka-pani-jesien-z-kwarcem-dymnym-i-oliwinem","status":"publish","type":"product","link":"https:\/\/koraledetale.pl\/?product=bransoletka-pani-jesien-z-kwarcem-dymnym-i-oliwinem","title":{"rendered":"Bransoletka PANI JESIE\u0143 z kwarcem dymnym i oliwinem"},"content":{"rendered":"<p>Wielko\u015b\u0107 kamieni:<\/p>\n<ul>\n<li>kwarc dymny &#8211; 10x9x6 mm,<\/li>\n<li>oliwin &#8211; 5x3x2,5 mm,<\/li>\n<li>hematyt &#8211; 2 mm.<\/li>\n<\/ul>\n<p>D\u0142ugo\u015b\u0107 bransoletki do 22 cm.<\/p>\n","protected":false},"excerpt":{"rendered":"<p>Delikatna bransoletka z kwarcem dymnym, oliwinami i z\u0142otymi hematytami na mocnej nici jubilerskiej. Bransoletka posiada \u0142atw\u0105 regulacj\u0119 d\u0142ugo\u015bci przez przeci\u0105gni\u0119cie sznureczk\u00f3w przez w\u0119ze\u0142 makramowy.<\/p>\n","protected":false},"featured_media":1154,"comment_status":"open","ping_status":"closed","template":"","meta":{"advanced_seo_description":"","jetpack_seo_html_title":"","jetpack_seo_noindex":false},"product_brand":[],"product_cat":[229],"product_tag":[485,380,63,30,461,484],"class_list":{"0":"post-1153","1":"product","2":"type-product","3":"status-publish","4":"has-post-thumbnail","6":"product_cat-sprzedane","7":"product_tag-bransoletka-z-kwarcem-dymnym-i-oliwinem","8":"product_tag-delikatna-bransoletka-z-kamieniami-naturalnymi","9":"product_tag-kwarc-dymny","10":"product_tag-oliwin","11":"product_tag-perla-zloty-hematyt","12":"product_tag-sznureczkowa-bransoletka-z-kamieniami-naturalnymi","14":"first","15":"outofstock","16":"shipping-taxable","17":"product-type-simple"},"jetpack_sharing_enabled":true,"_links":{"self":[{"href":"https:\/\/koraledetale.pl\/index.php?rest_route=\/wp\/v2\/product\/1153","targetHints":{"allow":["GET"]}}],"collection":[{"href":"https:\/\/koraledetale.pl\/index.php?rest_route=\/wp\/v2\/product"}],"about":[{"href":"https:\/\/koraledetale.pl\/index.php?rest_route=\/wp\/v2\/types\/product"}],"replies":[{"embeddable":true,"href":"https:\/\/koraledetale.pl\/index.php?rest_route=%2Fwp%2Fv2%2Fcomments&post=1153"}],"wp:featuredmedia":[{"embeddable":true,"href":"https:\/\/koraledetale.pl\/index.php?rest_route=\/wp\/v2\/media\/1154"}],"wp:attachment":[{"href":"https:\/\/koraledetale.pl\/index.php?rest_route=%2Fwp%2Fv2%2Fmedia&parent=1153"}],"wp:term":[{"taxonomy":"product_brand","embeddable":true,"href":"https:\/\/koraledetale.pl\/index.php?rest_route=%2Fwp%2Fv2%2Fproduct_brand&post=1153"},{"taxonomy":"product_cat","embeddable":true,"href":"https:\/\/koraledetale.pl\/index.php?rest_route=%2Fwp%2Fv2%2Fproduct_cat&post=1153"},{"taxonomy":"product_tag","embeddable":true,"href":"https:\/\/koraledetale.pl\/index.php?rest_route=%2Fwp%2Fv2%2Fproduct_tag&post=1153"}],"curies":[{"name":"wp","href":"https:\/\/api.w.org\/{rel}","templated":true}]}}