{"id":1151,"date":"2021-09-02T10:27:28","date_gmt":"2021-09-02T10:27:28","guid":{"rendered":"https:\/\/koraledetale.pl\/?post_type=product&#038;p=1151"},"modified":"2024-11-11T15:25:30","modified_gmt":"2024-11-11T15:25:30","slug":"bransoletka-z-kwarcem-dymnym-i-awenturynem","status":"publish","type":"product","link":"https:\/\/koraledetale.pl\/?product=bransoletka-z-kwarcem-dymnym-i-awenturynem","title":{"rendered":"Bransoletka z kwarcem dymnym i awenturynem"},"content":{"rendered":"<p>Wielko\u015b\u0107 kamieni:<\/p>\n<ul>\n<li>awenturyn \u2013 2,5 mm,<\/li>\n<li>kwarc dymny \u2013 2,5 mm,<\/li>\n<li>hematyt \u2013 2 mm.<\/li>\n<\/ul>\n<p>D\u0142ugo\u015b\u0107 bransoletki: 15,5 \u2013 22 cm.<\/p>\n","protected":false},"excerpt":{"rendered":"<p>Bransoletka w barwach jesieni z drobnych kamieni \u2013 kwarcu dymnego, awenturynu i z\u0142otego hematytu, oddzielonych supe\u0142kami mocnej nici jubilerskiej. Bransoletka posiada regulacj\u0119 d\u0142ugo\u015bci przez przeci\u0105gniecie sznureczk\u00f3w przez w\u0119ze\u0142 makramowy.<\/p>\n","protected":false},"featured_media":1147,"comment_status":"open","ping_status":"closed","template":"","meta":{"advanced_seo_description":"","jetpack_seo_html_title":"","jetpack_seo_noindex":false},"product_brand":[],"product_cat":[229],"product_tag":[482,79,483,63,47,130,31],"class_list":{"0":"post-1151","1":"product","2":"type-product","3":"status-publish","4":"has-post-thumbnail","6":"product_cat-sprzedane","7":"product_tag-awenturyn","8":"product_tag-bransoletka-z-drobnych-kamieni","9":"product_tag-bransoletka-z-kwarcu-dymnego-i-awenturynu","10":"product_tag-kwarc-dymny","11":"product_tag-regulowana-bransoletka","12":"product_tag-supelkowa-bransoletka","13":"product_tag-zloty-hematyt","15":"first","16":"outofstock","17":"shipping-taxable","18":"product-type-simple"},"jetpack_sharing_enabled":true,"_links":{"self":[{"href":"https:\/\/koraledetale.pl\/index.php?rest_route=\/wp\/v2\/product\/1151","targetHints":{"allow":["GET"]}}],"collection":[{"href":"https:\/\/koraledetale.pl\/index.php?rest_route=\/wp\/v2\/product"}],"about":[{"href":"https:\/\/koraledetale.pl\/index.php?rest_route=\/wp\/v2\/types\/product"}],"replies":[{"embeddable":true,"href":"https:\/\/koraledetale.pl\/index.php?rest_route=%2Fwp%2Fv2%2Fcomments&post=1151"}],"wp:featuredmedia":[{"embeddable":true,"href":"https:\/\/koraledetale.pl\/index.php?rest_route=\/wp\/v2\/media\/1147"}],"wp:attachment":[{"href":"https:\/\/koraledetale.pl\/index.php?rest_route=%2Fwp%2Fv2%2Fmedia&parent=1151"}],"wp:term":[{"taxonomy":"product_brand","embeddable":true,"href":"https:\/\/koraledetale.pl\/index.php?rest_route=%2Fwp%2Fv2%2Fproduct_brand&post=1151"},{"taxonomy":"product_cat","embeddable":true,"href":"https:\/\/koraledetale.pl\/index.php?rest_route=%2Fwp%2Fv2%2Fproduct_cat&post=1151"},{"taxonomy":"product_tag","embeddable":true,"href":"https:\/\/koraledetale.pl\/index.php?rest_route=%2Fwp%2Fv2%2Fproduct_tag&post=1151"}],"curies":[{"name":"wp","href":"https:\/\/api.w.org\/{rel}","templated":true}]}}