{"id":1135,"date":"2021-08-31T11:00:15","date_gmt":"2021-08-31T11:00:15","guid":{"rendered":"https:\/\/koraledetale.pl\/?post_type=product&#038;p=1135"},"modified":"2024-11-11T15:26:18","modified_gmt":"2024-11-11T15:26:18","slug":"lancuszek-chili-z-koralem","status":"publish","type":"product","link":"https:\/\/koraledetale.pl\/?product=lancuszek-chili-z-koralem","title":{"rendered":"\u0141a\u0144cuszek CHILLI z koralem"},"content":{"rendered":"<p>Wielko\u015b\u0107 kamieni:<\/p>\n<ul>\n<li>koral &#8211; 3,5 mm,<\/li>\n<li>hematyt &#8211; 2 mm.<\/li>\n<\/ul>\n<p>D\u0142ugo\u015b\u0107\u00a0 \u0142a\u0144cuszka: 40 &#8211; 45 cm + zawieszka 2,5 cm.<\/p>\n<p>Naszyjnik wykonany jest z nieuczulaj\u0105cej stali szlachetnej.<\/p>\n","protected":false},"excerpt":{"rendered":"<p>\u0141a\u0144cuszek z zawieszk\u0105 &#8211; papryczk\u0105 i pomara\u0144czowym koralem.<\/p>\n","protected":false},"featured_media":1128,"comment_status":"open","ping_status":"closed","template":"","meta":{"advanced_seo_description":"","jetpack_seo_html_title":"","jetpack_seo_noindex":false},"product_brand":[],"product_cat":[229],"product_tag":[82,474,72,31,473,195,196],"class_list":{"0":"post-1135","1":"product","2":"type-product","3":"status-publish","4":"has-post-thumbnail","6":"product_cat-sprzedane","7":"product_tag-koral","8":"product_tag-papryka","9":"product_tag-zawieszka","10":"product_tag-zloty-hematyt","11":"product_tag-lancuszek-z-papryczka-i-koralem","12":"product_tag-lancuszek-ze-stali-chirurgicznej","13":"product_tag-lancuszek-ze-stali-szlachetnej","15":"first","16":"outofstock","17":"shipping-taxable","18":"product-type-simple"},"jetpack_sharing_enabled":true,"_links":{"self":[{"href":"https:\/\/koraledetale.pl\/index.php?rest_route=\/wp\/v2\/product\/1135","targetHints":{"allow":["GET"]}}],"collection":[{"href":"https:\/\/koraledetale.pl\/index.php?rest_route=\/wp\/v2\/product"}],"about":[{"href":"https:\/\/koraledetale.pl\/index.php?rest_route=\/wp\/v2\/types\/product"}],"replies":[{"embeddable":true,"href":"https:\/\/koraledetale.pl\/index.php?rest_route=%2Fwp%2Fv2%2Fcomments&post=1135"}],"wp:featuredmedia":[{"embeddable":true,"href":"https:\/\/koraledetale.pl\/index.php?rest_route=\/wp\/v2\/media\/1128"}],"wp:attachment":[{"href":"https:\/\/koraledetale.pl\/index.php?rest_route=%2Fwp%2Fv2%2Fmedia&parent=1135"}],"wp:term":[{"taxonomy":"product_brand","embeddable":true,"href":"https:\/\/koraledetale.pl\/index.php?rest_route=%2Fwp%2Fv2%2Fproduct_brand&post=1135"},{"taxonomy":"product_cat","embeddable":true,"href":"https:\/\/koraledetale.pl\/index.php?rest_route=%2Fwp%2Fv2%2Fproduct_cat&post=1135"},{"taxonomy":"product_tag","embeddable":true,"href":"https:\/\/koraledetale.pl\/index.php?rest_route=%2Fwp%2Fv2%2Fproduct_tag&post=1135"}],"curies":[{"name":"wp","href":"https:\/\/api.w.org\/{rel}","templated":true}]}}