{"id":1119,"date":"2021-08-30T14:44:53","date_gmt":"2021-08-30T14:44:53","guid":{"rendered":"https:\/\/koraledetale.pl\/?post_type=product&#038;p=1119"},"modified":"2024-11-11T15:26:48","modified_gmt":"2024-11-11T15:26:48","slug":"naszyjnik-granaty-w-nowiu","status":"publish","type":"product","link":"https:\/\/koraledetale.pl\/?product=naszyjnik-granaty-w-nowiu","title":{"rendered":"Naszyjnik GRANATY W NOWIU"},"content":{"rendered":"<p>Wielko\u015b\u0107 kamieni:<\/p>\n<ul>\n<li>granat &#8211; 3,5 mm,<\/li>\n<li>turmalin &#8211; 4 mm,<\/li>\n<li>hematyt &#8211; 3&#215;1 mm, 2 mm.<\/li>\n<\/ul>\n<p>W\u0142ugo\u015b\u0107 naszyjnika: 52-55 cm + zawieszka 2,3 cm.<\/p>\n","protected":false},"excerpt":{"rendered":"<p>Naszyjnik z granat\u00f3w w kolorze czerwonego wina, zasupe\u0142kowanych na zielonej nitce z zielonymi turmalinami i srebrnymi hematytami. Zwie\u0144czeniem naszyjnika jest spektakularny, a\u017curowy ksi\u0119\u017cyc. Wszystkie elementy metalowe wykonane s\u0105 z nieuczulaj\u0105cej stali chirurgicznej.<\/p>\n","protected":false},"featured_media":1121,"comment_status":"open","ping_status":"closed","template":"","meta":{"advanced_seo_description":"","jetpack_seo_html_title":"","jetpack_seo_noindex":false},"product_brand":[],"product_cat":[229],"product_tag":[71,467,66,274,26,468,469],"class_list":{"0":"post-1119","1":"product","2":"type-product","3":"status-publish","4":"has-post-thumbnail","6":"product_cat-sprzedane","7":"product_tag-granat","8":"product_tag-naszyjnik-z-granatami-i-turmalinami","9":"product_tag-naszyjnik-z-kamieniami-naturalnymi","10":"product_tag-naszyjnik-z-ksiezycem","11":"product_tag-srebrny-hematyt","12":"product_tag-supelkowy-naszyjnik-z-granatami-i-ksiezycem","13":"product_tag-zielony-turmalin","15":"first","16":"outofstock","17":"shipping-taxable","18":"product-type-simple"},"jetpack_sharing_enabled":true,"_links":{"self":[{"href":"https:\/\/koraledetale.pl\/index.php?rest_route=\/wp\/v2\/product\/1119","targetHints":{"allow":["GET"]}}],"collection":[{"href":"https:\/\/koraledetale.pl\/index.php?rest_route=\/wp\/v2\/product"}],"about":[{"href":"https:\/\/koraledetale.pl\/index.php?rest_route=\/wp\/v2\/types\/product"}],"replies":[{"embeddable":true,"href":"https:\/\/koraledetale.pl\/index.php?rest_route=%2Fwp%2Fv2%2Fcomments&post=1119"}],"wp:featuredmedia":[{"embeddable":true,"href":"https:\/\/koraledetale.pl\/index.php?rest_route=\/wp\/v2\/media\/1121"}],"wp:attachment":[{"href":"https:\/\/koraledetale.pl\/index.php?rest_route=%2Fwp%2Fv2%2Fmedia&parent=1119"}],"wp:term":[{"taxonomy":"product_brand","embeddable":true,"href":"https:\/\/koraledetale.pl\/index.php?rest_route=%2Fwp%2Fv2%2Fproduct_brand&post=1119"},{"taxonomy":"product_cat","embeddable":true,"href":"https:\/\/koraledetale.pl\/index.php?rest_route=%2Fwp%2Fv2%2Fproduct_cat&post=1119"},{"taxonomy":"product_tag","embeddable":true,"href":"https:\/\/koraledetale.pl\/index.php?rest_route=%2Fwp%2Fv2%2Fproduct_tag&post=1119"}],"curies":[{"name":"wp","href":"https:\/\/api.w.org\/{rel}","templated":true}]}}