{"id":1109,"date":"2021-08-29T14:46:17","date_gmt":"2021-08-29T14:46:17","guid":{"rendered":"https:\/\/koraledetale.pl\/?post_type=product&#038;p=1109"},"modified":"2024-11-11T15:27:06","modified_gmt":"2024-11-11T15:27:06","slug":"naszyjnik-z-rozowymi-opalami-i-perlami","status":"publish","type":"product","link":"https:\/\/koraledetale.pl\/?product=naszyjnik-z-rozowymi-opalami-i-perlami","title":{"rendered":"Naszyjnik z r\u00f3\u017cowymi opalami i per\u0142ami"},"content":{"rendered":"<p>Wielko\u015b\u0107 kamieni:<\/p>\n<ul>\n<li>r\u00f3\u017cowy opal &#8211; 2,5 mm,<\/li>\n<li>per\u0142a &#8211; 5&#215;4 mm,<\/li>\n<li>hematyt &#8211; 2 mm, 3&#215;1 mm, 2&#215;1 mm.<\/li>\n<\/ul>\n<p>D\u0142ugo\u015b\u0107 naszyjnika: 39 &#8211; 43 cm + zawieszka 1,4 cm.<\/p>\n","protected":false},"excerpt":{"rendered":"<p>Naszyjnik z drobnych r\u00f3\u017cowych opali zasupe\u0142kowanych na mocnej nici jubilerskiej z r\u00f3\u017cow\u0105 per\u0142\u0105 i z\u0142otymi hematytami. Zwie\u0144czeniem naszyjnika jest delikatna zawieszka z r\u00f3\u017cowej per\u0142y i z\u0142otych hematyt\u00f3w. Elementy metalowe wykonane s\u0105 z nieuczulaj\u0105cej stali chirurgicznej (szlachetnej), k\u00f3\u0142ko z nieuczulaj\u0105cych i wytrzyma\u0142ych materia\u0142\u00f3w TierraCast.<\/p>\n","protected":false},"featured_media":1112,"comment_status":"open","ping_status":"closed","template":"","meta":{"advanced_seo_description":"","jetpack_seo_html_title":"","jetpack_seo_noindex":false},"product_brand":[],"product_cat":[229],"product_tag":[148,21,465,464,75,466,31],"class_list":{"0":"post-1109","1":"product","2":"type-product","3":"status-publish","4":"has-post-thumbnail","6":"product_cat-sprzedane","7":"product_tag-naszyjnik-z-drobnych-kamieni","8":"product_tag-naszyjnik-z-kamieni-naturalnych","9":"product_tag-naszyjnik-z-pudrowych-kamieni","10":"product_tag-naszyjnik-z-rozowymi-opalami-i-perlami","11":"product_tag-rozowa-perla","12":"product_tag-rozowy-opal","13":"product_tag-zloty-hematyt","15":"first","16":"outofstock","17":"shipping-taxable","18":"product-type-simple"},"jetpack_sharing_enabled":true,"_links":{"self":[{"href":"https:\/\/koraledetale.pl\/index.php?rest_route=\/wp\/v2\/product\/1109","targetHints":{"allow":["GET"]}}],"collection":[{"href":"https:\/\/koraledetale.pl\/index.php?rest_route=\/wp\/v2\/product"}],"about":[{"href":"https:\/\/koraledetale.pl\/index.php?rest_route=\/wp\/v2\/types\/product"}],"replies":[{"embeddable":true,"href":"https:\/\/koraledetale.pl\/index.php?rest_route=%2Fwp%2Fv2%2Fcomments&post=1109"}],"wp:featuredmedia":[{"embeddable":true,"href":"https:\/\/koraledetale.pl\/index.php?rest_route=\/wp\/v2\/media\/1112"}],"wp:attachment":[{"href":"https:\/\/koraledetale.pl\/index.php?rest_route=%2Fwp%2Fv2%2Fmedia&parent=1109"}],"wp:term":[{"taxonomy":"product_brand","embeddable":true,"href":"https:\/\/koraledetale.pl\/index.php?rest_route=%2Fwp%2Fv2%2Fproduct_brand&post=1109"},{"taxonomy":"product_cat","embeddable":true,"href":"https:\/\/koraledetale.pl\/index.php?rest_route=%2Fwp%2Fv2%2Fproduct_cat&post=1109"},{"taxonomy":"product_tag","embeddable":true,"href":"https:\/\/koraledetale.pl\/index.php?rest_route=%2Fwp%2Fv2%2Fproduct_tag&post=1109"}],"curies":[{"name":"wp","href":"https:\/\/api.w.org\/{rel}","templated":true}]}}