{"id":1069,"date":"2021-08-23T11:11:37","date_gmt":"2021-08-23T11:11:37","guid":{"rendered":"https:\/\/koraledetale.pl\/?post_type=product&#038;p=1069"},"modified":"2024-11-11T11:53:17","modified_gmt":"2024-11-11T11:53:17","slug":"naszyjnik-labradorytowe-oko","status":"publish","type":"product","link":"https:\/\/koraledetale.pl\/?product=naszyjnik-labradorytowe-oko","title":{"rendered":"Naszyjnik LABRADORYTOWE OKO"},"content":{"rendered":"<p>Wielko\u015b\u0107 kamieni:<\/p>\n<ul>\n<li>labradoryt -3,5 mm,<\/li>\n<li>rubin &#8211; 3,5 mm,<\/li>\n<li>hematyt &#8211; 3&#215;1 mm, 2 mm.<\/li>\n<\/ul>\n<p>D\u0142ugo\u015b\u0107 naszyjnika &#8211; \u0142a\u0144cuszka 40 cm, \u0142a\u0144cuszka ze sznurem kamieni 44 cm + zawieszka 1,4 cm. Naszyjnik przy zapi\u0119ciu ma przed\u0142u\u017ck\u0119 umo\u017cliwiaj\u0105c\u0105 wyd\u0142u\u017cenie naszyjnika jeszcze o 5 cm.<\/p>\n","protected":false},"excerpt":{"rendered":"<p>Podw\u00f3jny naszyjnik z \u0142a\u0144cuszkiem z kuleczkami i sznurem labradoryt\u00f3w, przeplatanych z\u0142otymi hematytami i rubinami. Naszyjnik zwie\u0144cza okr\u0105g\u0142a zawieszka z symbolem oka. Wszystkie elementy metalowe wykonane s\u0105 ze stali chirurgicznej (szlachetnej).<\/p>\n","protected":false},"featured_media":1072,"comment_status":"open","ping_status":"closed","template":"","meta":{"advanced_seo_description":"","jetpack_seo_html_title":"","jetpack_seo_noindex":false},"product_brand":[],"product_cat":[229],"product_tag":[67,56,446,447,117,142],"class_list":{"0":"post-1069","1":"product","2":"type-product","3":"status-publish","4":"has-post-thumbnail","6":"product_cat-sprzedane","7":"product_tag-hematyt","8":"product_tag-labradoryt","9":"product_tag-naszyjnik-z-labradorytem-i-rubinem","10":"product_tag-naszyjnik-z-lancuszkiem-i-kamieniami-naturalnymi","11":"product_tag-rubin","12":"product_tag-lancuszek","14":"first","15":"outofstock","16":"shipping-taxable","17":"product-type-simple"},"jetpack_sharing_enabled":true,"_links":{"self":[{"href":"https:\/\/koraledetale.pl\/index.php?rest_route=\/wp\/v2\/product\/1069","targetHints":{"allow":["GET"]}}],"collection":[{"href":"https:\/\/koraledetale.pl\/index.php?rest_route=\/wp\/v2\/product"}],"about":[{"href":"https:\/\/koraledetale.pl\/index.php?rest_route=\/wp\/v2\/types\/product"}],"replies":[{"embeddable":true,"href":"https:\/\/koraledetale.pl\/index.php?rest_route=%2Fwp%2Fv2%2Fcomments&post=1069"}],"wp:featuredmedia":[{"embeddable":true,"href":"https:\/\/koraledetale.pl\/index.php?rest_route=\/wp\/v2\/media\/1072"}],"wp:attachment":[{"href":"https:\/\/koraledetale.pl\/index.php?rest_route=%2Fwp%2Fv2%2Fmedia&parent=1069"}],"wp:term":[{"taxonomy":"product_brand","embeddable":true,"href":"https:\/\/koraledetale.pl\/index.php?rest_route=%2Fwp%2Fv2%2Fproduct_brand&post=1069"},{"taxonomy":"product_cat","embeddable":true,"href":"https:\/\/koraledetale.pl\/index.php?rest_route=%2Fwp%2Fv2%2Fproduct_cat&post=1069"},{"taxonomy":"product_tag","embeddable":true,"href":"https:\/\/koraledetale.pl\/index.php?rest_route=%2Fwp%2Fv2%2Fproduct_tag&post=1069"}],"curies":[{"name":"wp","href":"https:\/\/api.w.org\/{rel}","templated":true}]}}