{"id":1060,"date":"2021-08-13T15:01:43","date_gmt":"2021-08-13T15:01:43","guid":{"rendered":"https:\/\/koraledetale.pl\/?post_type=product&#038;p=1060"},"modified":"2025-09-30T08:05:12","modified_gmt":"2025-09-30T08:05:12","slug":"naszyjnik-roza-bez-z-krysztalem-gorskim","status":"publish","type":"product","link":"https:\/\/koraledetale.pl\/?product=naszyjnik-roza-bez-z-krysztalem-gorskim","title":{"rendered":"Naszyjnik R\u00d3\u017bA BEZ z kryszta\u0142em g\u00f3rskim"},"content":{"rendered":"<p>Wielko\u015b\u0107 kamieni:<\/p>\n<ul>\n<li>rubin, labradoryt, fosfosyderyt, r\u00f3\u017cowy opal &#8211; 2,5 mm,<\/li>\n<li>turmalin i hematyt &#8211; 2 mm,<\/li>\n<li>\u00a0kryszta\u0142 g\u00f3rski &#8211; 10&#215;6 mm.<\/li>\n<\/ul>\n<p>D\u0142ugo\u015b\u0107 naszyjnika &#8211; 42 cm + zawieszka 1,7 cm.<\/p>\n","protected":false},"excerpt":{"rendered":"<p>Delikatny naszyjnik z r\u00f3\u017cowymi kamieniami: rubinem, turmalinem, fosfosyderytem, z domieszk\u0105 labradorytu i z\u0142otego hematytu, na mocnej nici jubilerskiej. Zwie\u0144czeniem naszyjnika jest kropla kryszta\u0142u g\u00f3rskiego.<\/p>\n","protected":false},"featured_media":1051,"comment_status":"open","ping_status":"closed","template":"","meta":{"advanced_seo_description":"","jetpack_seo_html_title":"","jetpack_seo_noindex":false},"product_brand":[],"product_cat":[229],"product_tag":[444,241,445,56,117,87,31],"class_list":{"0":"post-1060","1":"product","2":"type-product","3":"status-publish","4":"has-post-thumbnail","6":"product_cat-sprzedane","7":"product_tag-delikatny-naszyjnik-z-rozowymi-kamieniami-i-krysztalem-gorskim","8":"product_tag-fosfosyderyt","9":"product_tag-krotki-naszyjnik-z-naturalnymi-kamieniami","10":"product_tag-labradoryt","11":"product_tag-rubin","12":"product_tag-turmalin","13":"product_tag-zloty-hematyt","15":"first","16":"outofstock","17":"shipping-taxable","18":"product-type-simple"},"jetpack_sharing_enabled":true,"_links":{"self":[{"href":"https:\/\/koraledetale.pl\/index.php?rest_route=\/wp\/v2\/product\/1060","targetHints":{"allow":["GET"]}}],"collection":[{"href":"https:\/\/koraledetale.pl\/index.php?rest_route=\/wp\/v2\/product"}],"about":[{"href":"https:\/\/koraledetale.pl\/index.php?rest_route=\/wp\/v2\/types\/product"}],"replies":[{"embeddable":true,"href":"https:\/\/koraledetale.pl\/index.php?rest_route=%2Fwp%2Fv2%2Fcomments&post=1060"}],"wp:featuredmedia":[{"embeddable":true,"href":"https:\/\/koraledetale.pl\/index.php?rest_route=\/wp\/v2\/media\/1051"}],"wp:attachment":[{"href":"https:\/\/koraledetale.pl\/index.php?rest_route=%2Fwp%2Fv2%2Fmedia&parent=1060"}],"wp:term":[{"taxonomy":"product_brand","embeddable":true,"href":"https:\/\/koraledetale.pl\/index.php?rest_route=%2Fwp%2Fv2%2Fproduct_brand&post=1060"},{"taxonomy":"product_cat","embeddable":true,"href":"https:\/\/koraledetale.pl\/index.php?rest_route=%2Fwp%2Fv2%2Fproduct_cat&post=1060"},{"taxonomy":"product_tag","embeddable":true,"href":"https:\/\/koraledetale.pl\/index.php?rest_route=%2Fwp%2Fv2%2Fproduct_tag&post=1060"}],"curies":[{"name":"wp","href":"https:\/\/api.w.org\/{rel}","templated":true}]}}