{"id":1046,"date":"2021-08-12T14:05:52","date_gmt":"2021-08-12T14:05:52","guid":{"rendered":"https:\/\/koraledetale.pl\/?post_type=product&#038;p=1046"},"modified":"2024-11-11T11:54:00","modified_gmt":"2024-11-11T11:54:00","slug":"kolczyki-zielone-jabluszko-z-ametystem-i-opalem","status":"publish","type":"product","link":"https:\/\/koraledetale.pl\/?product=kolczyki-zielone-jabluszko-z-ametystem-i-opalem","title":{"rendered":"Kolczyki ZIELONE JAB\u0141USZKO z ametystem i opalem"},"content":{"rendered":"<p>Wielko\u015b\u0107 kamieni:<\/p>\n<ul>\n<li>zielony ametyst &#8211; 9x9x5 mm,<\/li>\n<li>opal zielony &#8211; 4 mm,<\/li>\n<li>hematyt &#8211; 2 mm.<\/li>\n<\/ul>\n<p>Ca\u0142kowita d\u0142ugo\u015b\u0107 kolczyk\u00f3w &#8211; 12 cm<\/p>\n","protected":false},"excerpt":{"rendered":"<p>D\u0142ugie kolczyki na \u0142a\u0144cuszku z kropl\u0105 zielonego ametystu i zielonym opalem. Kolczyki mo\u017cesz przeci\u0105gn\u0105\u0107 przez ucho do po\u0142owy lub podci\u0105gn\u0105\u0107 kamienie wy\u017cej ucha &#8211; w obu przypadkach b\u0119d\u0105 dobrze wygl\u0105da\u0142y. \u0141a\u0144cuszek wykonany jest z nieuczulaj\u0105cej stali chirurgicznej (szlachetnej).<\/p>\n<p>&nbsp;<\/p>\n<p>&nbsp;<\/p>\n<p>&nbsp;<\/p>\n","protected":false},"featured_media":1047,"comment_status":"open","ping_status":"closed","template":"","meta":{"advanced_seo_description":"","jetpack_seo_html_title":"","jetpack_seo_noindex":false},"product_brand":[],"product_cat":[229],"product_tag":[],"class_list":{"0":"post-1046","1":"product","2":"type-product","3":"status-publish","4":"has-post-thumbnail","6":"product_cat-sprzedane","8":"first","9":"instock","10":"shipping-taxable","11":"product-type-simple"},"jetpack_sharing_enabled":true,"_links":{"self":[{"href":"https:\/\/koraledetale.pl\/index.php?rest_route=\/wp\/v2\/product\/1046","targetHints":{"allow":["GET"]}}],"collection":[{"href":"https:\/\/koraledetale.pl\/index.php?rest_route=\/wp\/v2\/product"}],"about":[{"href":"https:\/\/koraledetale.pl\/index.php?rest_route=\/wp\/v2\/types\/product"}],"replies":[{"embeddable":true,"href":"https:\/\/koraledetale.pl\/index.php?rest_route=%2Fwp%2Fv2%2Fcomments&post=1046"}],"wp:featuredmedia":[{"embeddable":true,"href":"https:\/\/koraledetale.pl\/index.php?rest_route=\/wp\/v2\/media\/1047"}],"wp:attachment":[{"href":"https:\/\/koraledetale.pl\/index.php?rest_route=%2Fwp%2Fv2%2Fmedia&parent=1046"}],"wp:term":[{"taxonomy":"product_brand","embeddable":true,"href":"https:\/\/koraledetale.pl\/index.php?rest_route=%2Fwp%2Fv2%2Fproduct_brand&post=1046"},{"taxonomy":"product_cat","embeddable":true,"href":"https:\/\/koraledetale.pl\/index.php?rest_route=%2Fwp%2Fv2%2Fproduct_cat&post=1046"},{"taxonomy":"product_tag","embeddable":true,"href":"https:\/\/koraledetale.pl\/index.php?rest_route=%2Fwp%2Fv2%2Fproduct_tag&post=1046"}],"curies":[{"name":"wp","href":"https:\/\/api.w.org\/{rel}","templated":true}]}}