{"id":1037,"date":"2021-08-12T13:32:00","date_gmt":"2021-08-12T13:32:00","guid":{"rendered":"https:\/\/koraledetale.pl\/?post_type=product&#038;p=1037"},"modified":"2025-12-05T15:38:59","modified_gmt":"2025-12-05T15:38:59","slug":"naszyjnik-zielone-jabluszko-z-opalem-i-kamieniem-ksiezycowym","status":"publish","type":"product","link":"https:\/\/koraledetale.pl\/?product=naszyjnik-zielone-jabluszko-z-opalem-i-kamieniem-ksiezycowym","title":{"rendered":"Naszyjnik ZIELONE JAB\u0141USZKO z opalem i kamieniem ksi\u0119\u017cycowym"},"content":{"rendered":"<p>Wielko\u015b\u0107 kamieni:<\/p>\n<ul>\n<li>opal zielony &#8211; 4 mm,<\/li>\n<li>kamie\u0144 ksi\u0119\u017cycowy\u00a0 &#8211; 4 mm i 10x6x3 mm (przy zawieszce),<\/li>\n<li>hematyt &#8211; 2 mm,<\/li>\n<li>chalcedon &#8211; 12x10x6,5 mm,<\/li>\n<li>zielony ametyst &#8211; 12x8x4 mm.<\/li>\n<li>D\u0142ugo\u015b\u0107 naszyjnika &#8211; 78 cm + zawieszka 3,2 cm.<\/li>\n<\/ul>\n","protected":false},"excerpt":{"rendered":"<p>D\u0142ugi naszyjnik z zielonych opali przeplatanych kamieniami ksi\u0119\u017cycowymi i z\u0142otymi hematytami. Zwie\u0144czeniem naszyjnika jest okr\u0105g\u0142a zawieszka z kropl\u0105 chalcedonu, zielonego ametystu i kamienia ksi\u0119\u017cycowego.<\/p>\n","protected":false},"featured_media":1038,"comment_status":"open","ping_status":"closed","template":"","meta":{"advanced_seo_description":"","jetpack_seo_html_title":"","jetpack_seo_noindex":false},"product_brand":[],"product_cat":[229],"product_tag":[439,52,438,437,440],"class_list":{"0":"post-1037","1":"product","2":"type-product","3":"status-publish","4":"has-post-thumbnail","6":"product_cat-sprzedane","7":"product_tag-chalcedon","8":"product_tag-dlugi-naszyjnik-z-kamieni-naturalnych","9":"product_tag-naszyjnik-z-kamieniem-ksiezycowym-i-zlotym-hematytem","10":"product_tag-naszyjnik-z-opalem-zielonym","11":"product_tag-zielony-ametyst","13":"first","14":"outofstock","15":"shipping-taxable","16":"purchasable","17":"product-type-simple"},"jetpack_sharing_enabled":true,"_links":{"self":[{"href":"https:\/\/koraledetale.pl\/index.php?rest_route=\/wp\/v2\/product\/1037","targetHints":{"allow":["GET"]}}],"collection":[{"href":"https:\/\/koraledetale.pl\/index.php?rest_route=\/wp\/v2\/product"}],"about":[{"href":"https:\/\/koraledetale.pl\/index.php?rest_route=\/wp\/v2\/types\/product"}],"replies":[{"embeddable":true,"href":"https:\/\/koraledetale.pl\/index.php?rest_route=%2Fwp%2Fv2%2Fcomments&post=1037"}],"wp:featuredmedia":[{"embeddable":true,"href":"https:\/\/koraledetale.pl\/index.php?rest_route=\/wp\/v2\/media\/1038"}],"wp:attachment":[{"href":"https:\/\/koraledetale.pl\/index.php?rest_route=%2Fwp%2Fv2%2Fmedia&parent=1037"}],"wp:term":[{"taxonomy":"product_brand","embeddable":true,"href":"https:\/\/koraledetale.pl\/index.php?rest_route=%2Fwp%2Fv2%2Fproduct_brand&post=1037"},{"taxonomy":"product_cat","embeddable":true,"href":"https:\/\/koraledetale.pl\/index.php?rest_route=%2Fwp%2Fv2%2Fproduct_cat&post=1037"},{"taxonomy":"product_tag","embeddable":true,"href":"https:\/\/koraledetale.pl\/index.php?rest_route=%2Fwp%2Fv2%2Fproduct_tag&post=1037"}],"curies":[{"name":"wp","href":"https:\/\/api.w.org\/{rel}","templated":true}]}}