{"id":1035,"date":"2021-08-11T18:07:26","date_gmt":"2021-08-11T18:07:26","guid":{"rendered":"https:\/\/koraledetale.pl\/?post_type=product&#038;p=1035"},"modified":"2024-11-11T11:54:11","modified_gmt":"2024-11-11T11:54:11","slug":"kolczyki-z-apatytem-i-akwamarynem","status":"publish","type":"product","link":"https:\/\/koraledetale.pl\/?product=kolczyki-z-apatytem-i-akwamarynem","title":{"rendered":"Kolczyki z apatytem i akwamarynem"},"content":{"rendered":"<p>Wielko\u015b\u0107 kamieni:<\/p>\n<ul>\n<li>apatyt \u2013 14x9x7 mm,<\/li>\n<li>akwamaryn \u2013 3,5 mm,<\/li>\n<li>hematyt \u2013 2 mm, 3,5\u00d71 mm.<\/li>\n<\/ul>\n<p>D\u0142ugo\u015b\u0107 kolczyk\u00f3w &#8211; 4,6 cm.<\/p>\n","protected":false},"excerpt":{"rendered":"<p>Kolczyki z nieuczulaj\u0105cej stali chirurgicznej (szlachetnej) z apatytem, akwamarynem i srebrnymi hematytami.<\/p>\n","protected":false},"featured_media":1029,"comment_status":"open","ping_status":"closed","template":"","meta":{"advanced_seo_description":"","jetpack_seo_html_title":"","jetpack_seo_noindex":false},"product_brand":[],"product_cat":[229],"product_tag":[436,95,107,108],"class_list":{"0":"post-1035","1":"product","2":"type-product","3":"status-publish","4":"has-post-thumbnail","6":"product_cat-sprzedane","7":"product_tag-kolczyki-z-apatytem-i-akwamarynem","8":"product_tag-kolczyki-z-kamieniami-naturalnymi","9":"product_tag-kolczyki-ze-stali-chirurgicznej","10":"product_tag-kolczyki-ze-stali-szlachetnej","12":"first","13":"outofstock","14":"shipping-taxable","15":"product-type-simple"},"jetpack_sharing_enabled":true,"_links":{"self":[{"href":"https:\/\/koraledetale.pl\/index.php?rest_route=\/wp\/v2\/product\/1035","targetHints":{"allow":["GET"]}}],"collection":[{"href":"https:\/\/koraledetale.pl\/index.php?rest_route=\/wp\/v2\/product"}],"about":[{"href":"https:\/\/koraledetale.pl\/index.php?rest_route=\/wp\/v2\/types\/product"}],"replies":[{"embeddable":true,"href":"https:\/\/koraledetale.pl\/index.php?rest_route=%2Fwp%2Fv2%2Fcomments&post=1035"}],"wp:featuredmedia":[{"embeddable":true,"href":"https:\/\/koraledetale.pl\/index.php?rest_route=\/wp\/v2\/media\/1029"}],"wp:attachment":[{"href":"https:\/\/koraledetale.pl\/index.php?rest_route=%2Fwp%2Fv2%2Fmedia&parent=1035"}],"wp:term":[{"taxonomy":"product_brand","embeddable":true,"href":"https:\/\/koraledetale.pl\/index.php?rest_route=%2Fwp%2Fv2%2Fproduct_brand&post=1035"},{"taxonomy":"product_cat","embeddable":true,"href":"https:\/\/koraledetale.pl\/index.php?rest_route=%2Fwp%2Fv2%2Fproduct_cat&post=1035"},{"taxonomy":"product_tag","embeddable":true,"href":"https:\/\/koraledetale.pl\/index.php?rest_route=%2Fwp%2Fv2%2Fproduct_tag&post=1035"}],"curies":[{"name":"wp","href":"https:\/\/api.w.org\/{rel}","templated":true}]}}