{"id":1026,"date":"2021-08-11T13:57:13","date_gmt":"2021-08-11T13:57:13","guid":{"rendered":"https:\/\/koraledetale.pl\/?post_type=product&#038;p=1026"},"modified":"2024-11-11T11:54:24","modified_gmt":"2024-11-11T11:54:24","slug":"naszyjnik-z-apatytem-akwamarynem-i-kwarcem-dymnym","status":"publish","type":"product","link":"https:\/\/koraledetale.pl\/?product=naszyjnik-z-apatytem-akwamarynem-i-kwarcem-dymnym","title":{"rendered":"Naszyjnik z apatytem, akwamarynem i kwarcem dymnym"},"content":{"rendered":"<p>Wielko\u015b\u0107 kamieni:<\/p>\n<ul>\n<li>apatyt &#8211; 14x9x7 mm, 4,5&#215;3,5 mm,<\/li>\n<li>akwamaryn &#8211; 3,5 mm,<\/li>\n<li>kwarc dymny 4,5 mm,<\/li>\n<li>hematyt &#8211; 2 mm, 2&#215;1 mm, 3,5&#215;1 mm.<\/li>\n<\/ul>\n<p>D\u0142ugo\u015b\u0107 naszyjnika: 36-76 cm + zawieszka 2,2 cm.<\/p>\n","protected":false},"excerpt":{"rendered":"<p>Regulowany naszyjnik z morskim apatytem, akwamarynami, kwarcem dymnym i srebrnymi hematytami. W zale\u017cno\u015bci od stylizacji i rodzaju dekoltu naszyjnik mo\u017ce by\u0107 noszony jako kr\u00f3tki, \u015bredniej d\u0142ugo\u015bci, b\u0105d\u017a d\u0142ugi.<\/p>\n","protected":false},"featured_media":1031,"comment_status":"open","ping_status":"closed","template":"","meta":{"advanced_seo_description":"","jetpack_seo_html_title":"","jetpack_seo_noindex":false},"product_brand":[],"product_cat":[229],"product_tag":[435,434],"class_list":{"0":"post-1026","1":"product","2":"type-product","3":"status-publish","4":"has-post-thumbnail","6":"product_cat-sprzedane","7":"product_tag-naszyjnik-z-naturalnymi-kamieniami","8":"product_tag-regulowany-naszyjnik-z-apatytem-i-akwamarynem","10":"first","11":"outofstock","12":"shipping-taxable","13":"product-type-simple"},"jetpack_sharing_enabled":true,"_links":{"self":[{"href":"https:\/\/koraledetale.pl\/index.php?rest_route=\/wp\/v2\/product\/1026","targetHints":{"allow":["GET"]}}],"collection":[{"href":"https:\/\/koraledetale.pl\/index.php?rest_route=\/wp\/v2\/product"}],"about":[{"href":"https:\/\/koraledetale.pl\/index.php?rest_route=\/wp\/v2\/types\/product"}],"replies":[{"embeddable":true,"href":"https:\/\/koraledetale.pl\/index.php?rest_route=%2Fwp%2Fv2%2Fcomments&post=1026"}],"wp:featuredmedia":[{"embeddable":true,"href":"https:\/\/koraledetale.pl\/index.php?rest_route=\/wp\/v2\/media\/1031"}],"wp:attachment":[{"href":"https:\/\/koraledetale.pl\/index.php?rest_route=%2Fwp%2Fv2%2Fmedia&parent=1026"}],"wp:term":[{"taxonomy":"product_brand","embeddable":true,"href":"https:\/\/koraledetale.pl\/index.php?rest_route=%2Fwp%2Fv2%2Fproduct_brand&post=1026"},{"taxonomy":"product_cat","embeddable":true,"href":"https:\/\/koraledetale.pl\/index.php?rest_route=%2Fwp%2Fv2%2Fproduct_cat&post=1026"},{"taxonomy":"product_tag","embeddable":true,"href":"https:\/\/koraledetale.pl\/index.php?rest_route=%2Fwp%2Fv2%2Fproduct_tag&post=1026"}],"curies":[{"name":"wp","href":"https:\/\/api.w.org\/{rel}","templated":true}]}}