{"id":1020,"date":"2021-08-10T14:14:41","date_gmt":"2021-08-10T14:14:41","guid":{"rendered":"https:\/\/koraledetale.pl\/?post_type=product&#038;p=1020"},"modified":"2024-11-11T11:54:35","modified_gmt":"2024-11-11T11:54:35","slug":"choker-z-perel-z-akwamarynem","status":"publish","type":"product","link":"https:\/\/koraledetale.pl\/?product=choker-z-perel-z-akwamarynem","title":{"rendered":"Choker z pere\u0142 z akwamarynem"},"content":{"rendered":"<p>Wielko\u015b\u0107 kamieni:<\/p>\n<ul>\n<li>per\u0142a &#8211; ok. 10&#215;8 mm,<\/li>\n<li>akwamaryn &#8211; 18x13x5 mm<\/li>\n<li>amazonit &#8211; 5&#215;2,5 mm.<\/li>\n<\/ul>\n<p>D\u0142ugo\u015b\u0107 naszyjnika &#8211; 42 cm + zawieszka 3 cm.<\/p>\n","protected":false},"excerpt":{"rendered":"<p>Choker z du\u017cych, bia\u0142ych, nieregularnych pere\u0142 z ozdobnym zapi\u0119ciem ze stali chirurgicznej (szlachetnej) z owalnym akwamarynem i malutkim amazonitem w srebrnej oprawie.<\/p>\n","protected":false},"featured_media":1022,"comment_status":"open","ping_status":"closed","template":"","meta":{"advanced_seo_description":"","jetpack_seo_html_title":"","jetpack_seo_noindex":false},"product_brand":[],"product_cat":[229],"product_tag":[431,433,432,183],"class_list":{"0":"post-1020","1":"product","2":"type-product","3":"status-publish","4":"has-post-thumbnail","6":"product_cat-sprzedane","7":"product_tag-choker-z-duzych-perel-z-akwamarynem","8":"product_tag-krotki-naszyjnik-z-perel","9":"product_tag-naszyjnik-z-akwamarynem-i-amazonitem","10":"product_tag-naszyjnik-z-perlami","12":"first","13":"outofstock","14":"shipping-taxable","15":"product-type-simple"},"jetpack_sharing_enabled":true,"_links":{"self":[{"href":"https:\/\/koraledetale.pl\/index.php?rest_route=\/wp\/v2\/product\/1020","targetHints":{"allow":["GET"]}}],"collection":[{"href":"https:\/\/koraledetale.pl\/index.php?rest_route=\/wp\/v2\/product"}],"about":[{"href":"https:\/\/koraledetale.pl\/index.php?rest_route=\/wp\/v2\/types\/product"}],"replies":[{"embeddable":true,"href":"https:\/\/koraledetale.pl\/index.php?rest_route=%2Fwp%2Fv2%2Fcomments&post=1020"}],"wp:featuredmedia":[{"embeddable":true,"href":"https:\/\/koraledetale.pl\/index.php?rest_route=\/wp\/v2\/media\/1022"}],"wp:attachment":[{"href":"https:\/\/koraledetale.pl\/index.php?rest_route=%2Fwp%2Fv2%2Fmedia&parent=1020"}],"wp:term":[{"taxonomy":"product_brand","embeddable":true,"href":"https:\/\/koraledetale.pl\/index.php?rest_route=%2Fwp%2Fv2%2Fproduct_brand&post=1020"},{"taxonomy":"product_cat","embeddable":true,"href":"https:\/\/koraledetale.pl\/index.php?rest_route=%2Fwp%2Fv2%2Fproduct_cat&post=1020"},{"taxonomy":"product_tag","embeddable":true,"href":"https:\/\/koraledetale.pl\/index.php?rest_route=%2Fwp%2Fv2%2Fproduct_tag&post=1020"}],"curies":[{"name":"wp","href":"https:\/\/api.w.org\/{rel}","templated":true}]}}