{"id":394,"date":"2021-04-25T12:54:18","date_gmt":"2021-04-25T12:54:18","guid":{"rendered":"https:\/\/koraledetale.pl\/?page_id=394"},"modified":"2022-07-28T09:35:47","modified_gmt":"2022-07-28T09:35:47","slug":"polityka-prywatnosci","status":"publish","type":"page","link":"https:\/\/koraledetale.pl\/?page_id=394","title":{"rendered":"Polityka prywatno\u015bci"},"content":{"rendered":"\n<p><strong>Polityka prywatno\u015bci<\/strong><\/p>\n\n\n\n<ol class=\"wp-block-list\"><li>Postanowienia og\u00f3lne<\/li><\/ol>\n\n\n\n<p>1.1 Administratorem danych osobowych zbieranych przez Sklep Internetowy KORALE I INNE DETALE jest Dominika \u0141ukaszewicz, prowadz\u0105ca dzia\u0142alno\u015b\u0107 gospodarcz\u0105 pod firm\u0105 Korale i inne detale Dominika \u0141ukaszewicz, z siedzib\u0105 pod adresem 10-057 Olsztyn, ul. Kasprzaka 17\/52, wpisana do Centralnej Ewidencji i Informacji o Dzia\u0142alno\u015bci Gospodarczej (CEIDG), prowadzonej przez ministra w\u0142a\u015bciwego do spraw gospodarki, NIP: 5881851567, REGON: 382331809, adres poczty elektronicznej: sklep@koraledetale.pl, numer telefonu kontaktowego: +48\u00a0691\u00a0176 532 &#8211; zwana dalej \u201eAdministratorem\u201d i b\u0119d\u0105ca jednocze\u015bnie Us\u0142ugodawc\u0105 Sklepu Internetowego i Sprzedawc\u0105.<\/p>\n\n\n\n<p>1.2 Dane osobowe przetwarzane s\u0105 w Sklepie Internetowym przez Administratora, zgodnie z obowi\u0105zuj\u0105cymi przepisami prawa, w szczeg\u00f3lno\u015bci zgodnie z rozporz\u0105dzeniem Parlamentu Europejskiego i Rady (UE) 2016\/679 z dnia 27 kwietnia 2016 r. w sprawie ochrony os\u00f3b fizycznych w zwi\u0105zku z przetwarzaniem danych osobowych i w sprawie swobodnego przep\u0142ywu takich danych oraz uchylenia dyrektywy 95\/46\/WE (og\u00f3lne rozporz\u0105dzenie o ochronie danych) &#8211; zwane dalej \u201eRODO\u201d lub \u201eRozporz\u0105dzenie RODO\u201d.<\/p>\n\n\n\n<p>1.3 Korzystanie ze Sklepu Internetowego, w tym dokonywanie zakup\u00f3w i zwi\u0105zane z tym podanie danych osobowych przez korzystaj\u0105cego ze Sklepu Internetowego Us\u0142ugobiorc\u0119 lub Klienta, jest dobrowolne. Jednak podanie danych osobowych jest warunkiem z\u0142o\u017cenia zam\u00f3wienia. Brak zgody na podanie danych osobowych b\u0119dzie skutkowa\u0142o brakiem mo\u017cliwo\u015bci zam\u00f3wienia produkt\u00f3w w sklepie.&nbsp;<\/p>\n\n\n\n<p>1.3 Administrator wdra\u017ca, przegl\u0105da i uaktualnia \u015brodki techniczne i organizacyjne, aby przetwarzanie danych osobowych odbywa\u0142o si\u0119 zgodnie z przepisami prawa. Administrator stosuje \u015brodki techniczne zapobiegaj\u0105ce pozyskiwaniu i modyfikowaniu danych osobowych przesy\u0142anych drog\u0105 elektroniczn\u0105 przez osoby nieuprawnione (poprzez certyfikat SSL). Administrator zapewnia, \u017ce dane zbierane s\u0105 dla oznaczonych, zgodnych z prawem cel\u00f3w i niepoddawane dalszemu przetwarzaniu, niezgodnemu z tymi celami. Administrator zapewnia r\u00f3wnie\u017c, \u017ce dane osobowe s\u0105 merytorycznie poprawne i adekwatne w stosunku do cel\u00f3w, w jakich s\u0105 przetwarzane oraz przechowywane w postaci umo\u017cliwiaj\u0105cej identyfikacj\u0119 os\u00f3b, kt\u00f3rych dotycz\u0105, nie d\u0142u\u017cej ni\u017c jest to niezb\u0119dne do osi\u0105gni\u0119cia celu przetwarzania.<\/p>\n\n\n\n<p>2. Cele, podstawy, zakres i okres przetwarzania danych osobowych<\/p>\n\n\n\n<p>2.1 Administrator przetwarza dane osobowe w celu \u015bwiadczenia us\u0142ug zgodnie z zakresem dzia\u0142alno\u015bci Sklepu Internetowego, tj. w celach:<\/p>\n\n\n\n<p>2.1.1 Realizacji zam\u00f3wie\u0144 w zakresie: imi\u0119 i nazwisko, adres poczty elektronicznej, numer telefonu kontaktowego, adres dostawy (ulica, numer domu, numer lokalu, kod pocztowy, miejscowo\u015b\u0107, kraj), adres zamieszkania\/prowadzenia dzia\u0142alno\u015bci\/siedziby (je\u017celi jest inny ni\u017c adres dostawy), w przypadku firm dodatkowo: nazw\u0119 firmy oraz numer identyfikacji podatkowej (NIP), w przypadku odbioru osobistego nie jest konieczne podanie adresu dostawy. Dane osobowe b\u0119d\u0105 przechowywane przez okres 5 lat od daty ostatniego zam\u00f3wienia. Podstawa prawna: Artyku\u0142 6 ust. 1 lit. f) Rozporz\u0105dzenia RODO.<\/p>\n\n\n\n<p>2.1.2 Formularz kontaktowy w zakresie: imi\u0119 i nazwisko, adres e-mail. Dane przechowywane s\u0105 tylko w celu przyj\u0119cia i obs\u0142ugi zapytania (brak zgody skutkuje brakiem mo\u017cliwo\u015bci obs\u0142ugi) i usuwane po zako\u0144czeniu obs\u0142ugi zapytania.&nbsp;Podstawa prawna przetwarzania Artyku\u0142 6 ust. 1 lit. a) Rozporz\u0105dzenia RODO (zgoda).<\/p>\n\n\n\n<p>2.1.3 Komentarze &#8211; gdy odwiedzaj\u0105cy witryn\u0119 zostawia komentarz, zbierane s\u0105 dane widoczne w formularzu komentowania (tj. nazwa u\u017cytkownika i adres e-mail), jak i adres IP odwiedzaj\u0105cego oraz podpis jego przegl\u0105darki jako pomoc przy wykrywaniu spamu. Je\u015bli U\u017cytkownik pozostawia komentarz, jego tre\u015b\u0107 i metadane b\u0119d\u0105 przechowywane przez czas nieokre\u015blony. Dzi\u0119ki temu Administrator jest w stanie rozpoznawa\u0107 i zatwierdza\u0107 kolejne komentarze automatycznie, bez wysy\u0142ania ich do ka\u017cdorazowej moderacji. Komentarze go\u015bci mog\u0105 by\u0107 sprawdzane za pomoc\u0105 automatycznej us\u0142ugi wykrywania spamu. Podstawa prawna przetwarzania Artyku\u0142 6 ust. 1 lit. a) Rozporz\u0105dzenia RODO (zgoda).<\/p>\n\n\n\n<p>2.1.4 Marketing &#8211; zakres przetwarzanych danych to adres poczty elektronicznej. Dane przechowywane s\u0105 do momentu wycofania zgody przez osob\u0119, kt\u00f3rej dane dotycz\u0105 na dalsze przetwarzanie jej danych w tym celu. Podstawa prawna przetwarzania: Artyku\u0142 6 ust. 1 lit. a) Rozporz\u0105dzenia RODO (zgoda).<\/p>\n\n\n\n<p>2.1.5 Administrowanie stron\u0105 internetow\u0105 w zakresie: adres IP, data i czas serwera, informacje o przegl\u0105darce internetowej, informacje o systemie operacyjnym &#8211; dane te s\u0105 zapisywane automatycznie w tzw. logach serwera, przy ka\u017cdorazowym korzystaniu ze strony. Podstawa prawna: art. 6 ust. 1 lit. f RODO.<\/p>\n\n\n\n<p>3. Prawa os\u00f3b udost\u0119pniaj\u0105cych swoje dane osobowe<\/p>\n\n\n\n<p>3.1 Osoba, kt\u00f3rej dane dotycz\u0105 ma nast\u0119puj\u0105ce prawa:<\/p>\n\n\n\n<p>\u2013 prawo dost\u0119pu do tre\u015bci swoich danych osobowych,<\/p>\n\n\n\n<p>\u2013 prawo do poprawiania swoich danych,<\/p>\n\n\n\n<p>\u2013 prawo do usuni\u0119cia danych,<\/p>\n\n\n\n<p>\u2013 prawo do ograniczenia przetwarzania,<\/p>\n\n\n\n<p>\u2013 prawo do przenoszenia danych,<\/p>\n\n\n\n<p>\u2013 prawo do cofni\u0119cia zgody w dowolnym momencie bez wp\u0142ywu na zgodno\u015b\u0107 z prawem przetwarzania, kt\u00f3rego dokonano na podstawie zgody przed jej cofni\u0119ciem,<\/p>\n\n\n\n<p>\u2013 prawo do sprzeciwu,<\/p>\n\n\n\n<p>\u2013 prawo wniesienia skargi do organu nadzorczego (w Polsce jest to Prezes Urz\u0119du Ochrony Danych Osobowych),<\/p>\n\n\n\n<p>\u2013 prawo do sprzeciwu dotyczace marketingu bezpo\u015bredniego.<\/p>\n\n\n\n<p>3.2 W celu realizacji uprawnie\u0144, o kt\u00f3rych mowa w 3.1, nale\u017cy wys\u0142a\u0107 e-mail na adres: sklep@koraledetale.pl.<\/p>\n\n\n\n<p>3.3 Administrator mo\u017ce odm\u00f3wi\u0107 usuni\u0119cia Danych, je\u017celi jest zobligowany zachowa\u0107 je ze wzgl\u0119d\u00f3w administracyjnych, prawnych albo bezpiecze\u0144stwa.<\/p>\n\n\n\n<p>4. Cookies, dane eksploatacyjne i analityczne<\/p>\n\n\n\n<p>4.1. Pliki Cookies (ciasteczka) &#8211; ma\u0142e informacje tekstowe w formie plik\u00f3w tekstowych, wysy\u0142ane przez serwer i zapisywane na urz\u0105dzeniu osoby odwiedzaj\u0105cej stron\u0119 Sklepu Internetowego (np. komputerze, smartfonie, tablecie).<\/p>\n\n\n\n<p>4.2 Administrator przechowuje pliki cookies na urz\u0105dzeniu U\u017cytkownika, uzyskuje dost\u0119p do informacji w nich zawartych, w celu zapewnienia prawid\u0142owego dzia\u0142ania Sklepu Internetowego, w celach statystycznych i marketingowych (badania cech zachowania odwiedzaj\u0105cych Sklep Internetowy poprzez anonimow\u0105 analiz\u0119 ich dzia\u0142a\u0144).<\/p>\n\n\n\n<p>4.3 U\u017cytkownik ma mo\u017cliwo\u015b\u0107 konfiguracji przegl\u0105darki internetowej w celu uniemo\u017cliwienia przechowywanie plik\u00f3w cookies na urz\u0105dzeniu U\u017cytkownika, jednak mo\u017ce to mie\u0107 wp\u0142yw na prawid\u0142owe korzystanie z us\u0142ug Sklepu Internetowego.<\/p>\n\n\n\n<p>4.4 Pliki cookies mog\u0105 by\u0107 usuni\u0119te przez U\u017cytkownika po ich zapisaniu przez Administratora, poprzez odpowiednie funkcje przegl\u0105darki internetowej, programy s\u0142u\u017c\u0105ce w tym celu lub skorzystanie z odpowiednich narz\u0119dzi dost\u0119pnych w ramach systemu operacyjnego, z kt\u00f3rego korzysta U\u017cytkownik.<\/p>\n\n\n\n<p>4.5 Szczeg\u00f3\u0142owe informacje dotycz\u0105ce zmiany ustawie\u0144 plik\u00f3w cookies (w tym ich samodzielnego usuwania) dost\u0119pne s\u0105 w dziale pomocy przegl\u0105darek internetowych: Chrome, Firefox, Internet Explorer, Opera, Safari, Microsoft Edge.<\/p>\n\n\n\n<p>4.2.1 U\u017cytkownik pozostawiaj\u0105cy w Sklepie Internetowym komentarz, b\u0119dzie m\u00f3g\u0142 wybra\u0107 opcj\u0119 zapisu swojej nazwy, adresu email i adresu strony internetowej w ciasteczkach, dzi\u0119ki kt\u00f3rym podczas pisania kolejnych komentarzy powy\u017csze informacje b\u0119d\u0105 ju\u017c dogodnie uzupe\u0142nione. Te ciasteczka wygasaj\u0105 po roku.<\/p>\n\n\n\n<p>4.6. W Sklepie Internetowym Administrator mo\u017ce korzysta\u0107 z us\u0142ug Google Analytics, Universal Analytics dostarczanych przez firm\u0119 Google Inc. oraz z us\u0142ugi Piksel Facebooka dostarczanej przez firm\u0119 Facebook Ireland Limited. Us\u0142ugi te pomagaj\u0105 Administratorowi analizowa\u0107 ruch w Sklepie Internetowym. Gromadzone dane przetwarzane s\u0105 w ramach powy\u017cszych us\u0142ug w celu generowania statystyk pomocnych w administrowaniu Sklepem Internetowym. Dane te maj\u0105 charakter zbiorczy i anonimowy, tj. nie zawieraj\u0105 cech identyfikuj\u0105cych (danych osobowych) osoby odwiedzaj\u0105cych stron\u0119 Sklepu Internetowego. Administrator korzystaj\u0105c z powy\u017cszych us\u0142ug w Sklepie Internetowym gromadzi takie dane jak \u017ar\u00f3d\u0142a i medium pozyskania odwiedzaj\u0105cych Sklep Internetowy oraz spos\u00f3b ich zachowania na stronie Sklepu Internetowego, informacje na temat urz\u0105dze\u0144 i przegl\u0105darek z kt\u00f3rych odwiedzaj\u0105 stron\u0119, IP oraz domen\u0119, dane geograficzne oraz dane demograficzne (wiek, p\u0142e\u0107) i zainteresowania.<\/p>\n\n\n\n<p>4.7 Dane udost\u0119pniane w komentarzach, czyli zanonimizowany ci\u0105g znak\u00f3w stworzony na podstawie adresu email U\u017cytkownika (tak zwany hash), mo\u017ce zosta\u0107 przes\u0142any do us\u0142ugi Gravatar w celu sprawdzenia czy U\u017cytkownik jej u\u017cywa. Polityka prywatno\u015bci us\u0142ugi Gravatar jest dost\u0119pna tutaj: https:\/\/automattic.com\/privacy\/. Po zatwierdzeniu komentarza obrazek profilowy U\u017cytkownika jest widoczny publicznie w kontek\u015bcie jego komentarza.<\/p>\n\n\n\n<p>4.8 Administrator niniejszym informuje, \u017ce w przypadku U\u017cytkownika, kt\u00f3ry wgrywa na witryn\u0119 obrazki, u\u017cytkownik ten powinien unika\u0107 przesy\u0142ania obrazk\u00f3w z tagami EXIF lokalizacji. Odwiedzaj\u0105cy stron\u0119 mog\u0105 pobra\u0107 i odczyta\u0107 pe\u0142ne dane lokalizacyjne z obrazk\u00f3w w witrynie.<\/p>\n\n\n\n<p>4.9 Artyku\u0142y w witrynie Sklepu Internetowego mog\u0105 zawiera\u0107 osadzone tre\u015bci (np. filmy, obrazki, artyku\u0142y itp.). Osadzone tre\u015bci z innych witryn zachowuj\u0105 si\u0119 analogicznie do tego, jakby U\u017cytkownik odwiedzi\u0142 bezpo\u015brednio konkretn\u0105 witryn\u0119. Witryny mog\u0105 zbiera\u0107 informacje o U\u017cytkowniku, u\u017cywa\u0107 ciasteczek, do\u0142\u0105cza\u0107 dodatkowe, zewn\u0119trzne systemy \u015bledzenia i monitorowa\u0107 interakcje U\u017cytkownika z osadzonym materia\u0142em, w\u0142\u0105czaj\u0105c w to \u015bledzenie interakcji U\u017cytkownika z osadzonym materia\u0142em, je\u015bli posiada tam konto i jest zalogowany w tamtej witrynie.<\/p>\n\n\n\n<p>5. Postanowienia ko\u0144cowe<\/p>\n\n\n\n<p>5.1 Niniejsza polityka prywatno\u015bci dotyczy tylko Sklepu Internetowego Administratora. Sklep Internetowy mo\u017ce zawiera\u0107 odno\u015bniki do innych stron internetowych, na kt\u00f3rych obowi\u0105zuje inna polityka prywatno\u015bci. Rekomendowane jest zapoznanie si\u0119 z polityk\u0105 prywatno\u015bci obowi\u0105zuj\u0105c\u0105 na tych stronach.<\/p>\n\n\n\n<p>5.2 W zakresie nieuregulowanym niniejsz\u0105 polityk\u0105 prywatno\u015bci obowi\u0105zuj\u0105 przepisy odpowiednie dla zakresu ochrony danych osobowych.<\/p>\n\n\n\n<p>5.3 Polityka prywatno\u015bci jest na bie\u017c\u0105co weryfikowana i w razie potrzeby aktualizowana.<\/p>\n\n\n\n<p><\/p>\n","protected":false},"excerpt":{"rendered":"<p>Polityka prywatno\u015bci Postanowienia og\u00f3lne 1.1 Administratorem danych osobowych zbieranych przez Sklep Internetowy KORALE I INNE DETALE jest Dominika \u0141ukaszewicz, prowadz\u0105ca dzia\u0142alno\u015b\u0107 gospodarcz\u0105 pod firm\u0105 Korale i inne detale Dominika \u0141ukaszewicz, z siedzib\u0105 pod adresem 10-057 Olsztyn, ul. Kasprzaka 17\/52, wpisana do Centralnej Ewidencji i Informacji o Dzia\u0142alno\u015bci Gospodarczej (CEIDG), prowadzonej przez ministra w\u0142a\u015bciwego do spraw [&hellip;]<\/p>\n","protected":false},"author":1,"featured_media":0,"parent":0,"menu_order":0,"comment_status":"closed","ping_status":"closed","template":"","meta":{"advanced_seo_description":"","jetpack_seo_html_title":"","jetpack_seo_noindex":false,"footnotes":""},"class_list":["post-394","page","type-page","status-publish","hentry"],"jetpack_sharing_enabled":true,"_links":{"self":[{"href":"https:\/\/koraledetale.pl\/index.php?rest_route=\/wp\/v2\/pages\/394","targetHints":{"allow":["GET"]}}],"collection":[{"href":"https:\/\/koraledetale.pl\/index.php?rest_route=\/wp\/v2\/pages"}],"about":[{"href":"https:\/\/koraledetale.pl\/index.php?rest_route=\/wp\/v2\/types\/page"}],"author":[{"embeddable":true,"href":"https:\/\/koraledetale.pl\/index.php?rest_route=\/wp\/v2\/users\/1"}],"replies":[{"embeddable":true,"href":"https:\/\/koraledetale.pl\/index.php?rest_route=%2Fwp%2Fv2%2Fcomments&post=394"}],"version-history":[{"count":3,"href":"https:\/\/koraledetale.pl\/index.php?rest_route=\/wp\/v2\/pages\/394\/revisions"}],"predecessor-version":[{"id":2687,"href":"https:\/\/koraledetale.pl\/index.php?rest_route=\/wp\/v2\/pages\/394\/revisions\/2687"}],"wp:attachment":[{"href":"https:\/\/koraledetale.pl\/index.php?rest_route=%2Fwp%2Fv2%2Fmedia&parent=394"}],"curies":[{"name":"wp","href":"https:\/\/api.w.org\/{rel}","templated":true}]}}