{"id":361,"date":"2021-04-25T10:41:24","date_gmt":"2021-04-25T10:41:24","guid":{"rendered":"https:\/\/koraledetale.pl\/?page_id=361"},"modified":"2024-09-22T10:02:26","modified_gmt":"2024-09-22T10:02:26","slug":"formy-platnosci","status":"publish","type":"page","link":"https:\/\/koraledetale.pl\/?page_id=361","title":{"rendered":"Formy p\u0142atno\u015bci"},"content":{"rendered":"\n<p>W sklepie mo\u017cesz wybra\u0107 jedn\u0105 z poni\u017cszych form p\u0142atno\u015bci:<\/p>\n\n\n\n<p><br>1. Przelew elektroniczny on-line, Blik, karta p\u0142atnicza (poprzez system p\u0142atno\u015bci elektronicznych Paynow),<\/p>\n\n\n\n<p>2. Tradycyjny przelew na konto: 78 1140 2004 0000 3402 7838 9733 (mBank),<\/p>\n\n\n\n<p>3. PayPo &#8211; p\u0142atno\u015b\u0107 odroczona na 30 dni,<\/p>\n\n\n\n<p>4. P\u0142atno\u015b\u0107 got\u00f3wk\u0105 lub kart\u0105 przy odbiorze osobistym.<\/p>\n\n\n\n<p><\/p>\n","protected":false},"excerpt":{"rendered":"<p>W sklepie mo\u017cesz wybra\u0107 jedn\u0105 z poni\u017cszych form p\u0142atno\u015bci: 1. Przelew elektroniczny on-line, Blik, karta p\u0142atnicza (poprzez system p\u0142atno\u015bci elektronicznych Paynow), 2. Tradycyjny przelew na konto: 78 1140 2004 0000 3402 7838 9733 (mBank), 3. PayPo &#8211; p\u0142atno\u015b\u0107 odroczona na 30 dni, 4. P\u0142atno\u015b\u0107 got\u00f3wk\u0105 lub kart\u0105 przy odbiorze osobistym.<\/p>\n","protected":false},"author":1,"featured_media":0,"parent":0,"menu_order":0,"comment_status":"closed","ping_status":"closed","template":"","meta":{"advanced_seo_description":"","jetpack_seo_html_title":"","jetpack_seo_noindex":false,"footnotes":""},"class_list":["post-361","page","type-page","status-publish","hentry"],"jetpack_sharing_enabled":true,"_links":{"self":[{"href":"https:\/\/koraledetale.pl\/index.php?rest_route=\/wp\/v2\/pages\/361","targetHints":{"allow":["GET"]}}],"collection":[{"href":"https:\/\/koraledetale.pl\/index.php?rest_route=\/wp\/v2\/pages"}],"about":[{"href":"https:\/\/koraledetale.pl\/index.php?rest_route=\/wp\/v2\/types\/page"}],"author":[{"embeddable":true,"href":"https:\/\/koraledetale.pl\/index.php?rest_route=\/wp\/v2\/users\/1"}],"replies":[{"embeddable":true,"href":"https:\/\/koraledetale.pl\/index.php?rest_route=%2Fwp%2Fv2%2Fcomments&post=361"}],"version-history":[{"count":3,"href":"https:\/\/koraledetale.pl\/index.php?rest_route=\/wp\/v2\/pages\/361\/revisions"}],"predecessor-version":[{"id":6089,"href":"https:\/\/koraledetale.pl\/index.php?rest_route=\/wp\/v2\/pages\/361\/revisions\/6089"}],"wp:attachment":[{"href":"https:\/\/koraledetale.pl\/index.php?rest_route=%2Fwp%2Fv2%2Fmedia&parent=361"}],"curies":[{"name":"wp","href":"https:\/\/api.w.org\/{rel}","templated":true}]}}