{"id":359,"date":"2021-04-25T10:29:57","date_gmt":"2021-04-25T10:29:57","guid":{"rendered":"https:\/\/koraledetale.pl\/?page_id=359"},"modified":"2025-12-12T15:50:06","modified_gmt":"2025-12-12T15:50:06","slug":"wysylka","status":"publish","type":"page","link":"https:\/\/koraledetale.pl\/?page_id=359","title":{"rendered":"Wysy\u0142ka"},"content":{"rendered":"\n<p>Wysy\u0142ka na terenie Polski w terminie 1-2 dni roboczych:<\/p>\n\n\n\n<ul class=\"wp-block-list\">\n<li>Paczkomat InPost &#8211; 8 z\u0142,<\/li>\n\n\n\n<li>Kurier InPost &#8211; 12 z\u0142.<\/li>\n<\/ul>\n\n\n\n<p><strong>Darmowa wysy\u0142ka zam\u00f3wie\u0144 powy\u017cej 150 z\u0142. <\/strong><\/p>\n","protected":false},"excerpt":{"rendered":"<p>Wysy\u0142ka na terenie Polski w terminie 1-2 dni roboczych: Darmowa wysy\u0142ka zam\u00f3wie\u0144 powy\u017cej 150 z\u0142.<\/p>\n","protected":false},"author":1,"featured_media":0,"parent":0,"menu_order":0,"comment_status":"closed","ping_status":"closed","template":"","meta":{"advanced_seo_description":"","jetpack_seo_html_title":"","jetpack_seo_noindex":false,"footnotes":""},"class_list":["post-359","page","type-page","status-publish","hentry"],"jetpack_sharing_enabled":true,"_links":{"self":[{"href":"https:\/\/koraledetale.pl\/index.php?rest_route=\/wp\/v2\/pages\/359","targetHints":{"allow":["GET"]}}],"collection":[{"href":"https:\/\/koraledetale.pl\/index.php?rest_route=\/wp\/v2\/pages"}],"about":[{"href":"https:\/\/koraledetale.pl\/index.php?rest_route=\/wp\/v2\/types\/page"}],"author":[{"embeddable":true,"href":"https:\/\/koraledetale.pl\/index.php?rest_route=\/wp\/v2\/users\/1"}],"replies":[{"embeddable":true,"href":"https:\/\/koraledetale.pl\/index.php?rest_route=%2Fwp%2Fv2%2Fcomments&post=359"}],"version-history":[{"count":4,"href":"https:\/\/koraledetale.pl\/index.php?rest_route=\/wp\/v2\/pages\/359\/revisions"}],"predecessor-version":[{"id":8154,"href":"https:\/\/koraledetale.pl\/index.php?rest_route=\/wp\/v2\/pages\/359\/revisions\/8154"}],"wp:attachment":[{"href":"https:\/\/koraledetale.pl\/index.php?rest_route=%2Fwp%2Fv2%2Fmedia&parent=359"}],"curies":[{"name":"wp","href":"https:\/\/api.w.org\/{rel}","templated":true}]}}