{"id":357,"date":"2021-04-25T10:25:30","date_gmt":"2021-04-25T10:25:30","guid":{"rendered":"https:\/\/koraledetale.pl\/?page_id=357"},"modified":"2024-07-29T06:40:18","modified_gmt":"2024-07-29T06:40:18","slug":"o-mnie","status":"publish","type":"page","link":"https:\/\/koraledetale.pl\/?page_id=357","title":{"rendered":"O mnie"},"content":{"rendered":"\n<p>Hej! Jestem Dominika. Rzuci\u0142am korporacj\u0119 w stolicy, przeprowadzi\u0142am si\u0119 do Olsztyna i zaj\u0119\u0142am si\u0119 tworzeniem bi\u017cuterii. Niekoniecznie w tej kolejno\u015bci. Wi\u0119c po kolei. Bi\u017cuteri\u0119 robi\u0142am niemal od zawsze. Dla siebie, rodziny, znajomych. B\u0119d\u0105c ju\u017c doros\u0142\u0105 kobiet\u0105, u szczytu kariery zawodowej, porzuci\u0142am obcasy, garnitury, bia\u0142e ko\u0142nierzyki i zaj\u0119\u0142am si\u0119 bi\u017cuteri\u0105 na ca\u0142y etat. A jeszcze p\u00f3\u017aniej zamieszka\u0142am na Warmii, kt\u00f3ra sta\u0142a si\u0119 moim miejscem mocy.<\/p>\n\n\n\n<p>Tworz\u0105 bi\u017cuterii z potrzeby serca i potrzeby cia\u0142a. Jak wspomnia\u0142am wcze\u015bniej, nie by\u0142o momentu, kiedy nie tworzy\u0142abym naszyjnik\u00f3w, bransoletek, itp. Jednak zawsze mia\u0142am problem z noszeniem kolczyk\u00f3w srebrnych, z\u0142otych niskiej pr\u00f3by, o innych metalach nie wspomn\u0119. Po p\u00f3\u0142godzinie uszy by\u0142y spuchni\u0119te, czerwone, pulsuj\u0105ce. Dlatego w swojej bi\u017cuterii wykorzystuj\u0119 nieuczulaj\u0105ce materia\u0142y &#8211; stal szlachetn\u0105, z kt\u00f3rej r\u00f3wnie\u017c s\u0105 wykonuje si\u0119 narz\u0119dzia chirurgiczne. \u0141\u0105cz\u0119 j\u0105 z kamieniami naturalnymi, kt\u00f3re mnie fascynuj\u0105 swym nieodpartym urokiem i energi\u0105.<\/p>\n\n\n\n<p>Moj\u0105 bi\u017cuteri\u0119 nosz\u0105 osoby ceni\u0105ce indywidualizm &#8211; wykonuj\u0119 j\u0105 w pojedynczych egzemplarzach. Je\u015bli ju\u017c robi\u0119 &#8220;powt\u00f3rki&#8221; &#8211; s\u0105 to bardzo kr\u00f3tkie serie (licz\u0105ce zaledwie kilka sztuk). Je\u015bli tak\u017ce lubisz nieszablonowe dodatki zapraszam do mojego \u015bwiata!<\/p>\n","protected":false},"excerpt":{"rendered":"<p>Hej! Jestem Dominika. Rzuci\u0142am korporacj\u0119 w stolicy, przeprowadzi\u0142am si\u0119 do Olsztyna i zaj\u0119\u0142am si\u0119 tworzeniem bi\u017cuterii. Niekoniecznie w tej kolejno\u015bci. Wi\u0119c po kolei. Bi\u017cuteri\u0119 robi\u0142am niemal od zawsze. Dla siebie, rodziny, znajomych. B\u0119d\u0105c ju\u017c doros\u0142\u0105 kobiet\u0105, u szczytu kariery zawodowej, porzuci\u0142am obcasy, garnitury, bia\u0142e ko\u0142nierzyki i zaj\u0119\u0142am si\u0119 bi\u017cuteri\u0105 na ca\u0142y etat. A jeszcze p\u00f3\u017aniej [&hellip;]<\/p>\n","protected":false},"author":1,"featured_media":0,"parent":0,"menu_order":0,"comment_status":"closed","ping_status":"closed","template":"","meta":{"advanced_seo_description":"","jetpack_seo_html_title":"","jetpack_seo_noindex":false,"footnotes":""},"class_list":["post-357","page","type-page","status-publish","hentry"],"jetpack_sharing_enabled":true,"_links":{"self":[{"href":"https:\/\/koraledetale.pl\/index.php?rest_route=\/wp\/v2\/pages\/357","targetHints":{"allow":["GET"]}}],"collection":[{"href":"https:\/\/koraledetale.pl\/index.php?rest_route=\/wp\/v2\/pages"}],"about":[{"href":"https:\/\/koraledetale.pl\/index.php?rest_route=\/wp\/v2\/types\/page"}],"author":[{"embeddable":true,"href":"https:\/\/koraledetale.pl\/index.php?rest_route=\/wp\/v2\/users\/1"}],"replies":[{"embeddable":true,"href":"https:\/\/koraledetale.pl\/index.php?rest_route=%2Fwp%2Fv2%2Fcomments&post=357"}],"version-history":[{"count":5,"href":"https:\/\/koraledetale.pl\/index.php?rest_route=\/wp\/v2\/pages\/357\/revisions"}],"predecessor-version":[{"id":5859,"href":"https:\/\/koraledetale.pl\/index.php?rest_route=\/wp\/v2\/pages\/357\/revisions\/5859"}],"wp:attachment":[{"href":"https:\/\/koraledetale.pl\/index.php?rest_route=%2Fwp%2Fv2%2Fmedia&parent=357"}],"curies":[{"name":"wp","href":"https:\/\/api.w.org\/{rel}","templated":true}]}}