{"id":355,"date":"2021-04-25T10:24:11","date_gmt":"2021-04-25T10:24:11","guid":{"rendered":"https:\/\/koraledetale.pl\/?page_id=355"},"modified":"2021-04-25T10:24:11","modified_gmt":"2021-04-25T10:24:11","slug":"o-bizuterii","status":"publish","type":"page","link":"https:\/\/koraledetale.pl\/?page_id=355","title":{"rendered":"O bi\u017cuterii"},"content":{"rendered":"\n<p>Bi\u017cuteria \u201eKorale i inne detale\u201d wykonana jest z kamieni naturalnych i stali chirurgicznej. Nie zawiera niklu , dlatego mog\u0105 j\u0105 nosi\u0107 r\u00f3wnie\u017c alergicy.<\/p>\n\n\n\n<p>Kamienie naturalne u\u017cywane do tworzenia bi\u017cuterii \u201eKorale i inne detale\u201d s\u0105 specjalnie wyselekcjonowane, jednak na ich powierzchni mog\u0105 wyst\u0119powa\u0107 drobne niedoskona\u0142o\u015bci &#8211; plamki, szczeliny lub p\u0119kni\u0119cia, kt\u00f3re nadaj\u0105 im charakteru. Ka\u017cdy kamie\u0144 naturalny jest unikatowy, ma swoje specyficzne, indywidualne zabarwienie, kt\u00f3re mo\u017ce si\u0119 zmienia\u0107 w zale\u017cno\u015bci od k\u0105ta padania \u015bwiat\u0142a.<\/p>\n\n\n\n<p>Stal chirurgiczna, zwan\u0105 r\u00f3wnie\u017c szlachetn\u0105, jest twardsza od srebra, dzi\u0119ki czemu jest bardziej odporna na zarysowania. Wygl\u0105da jak srebro, nie utlenia si\u0119 (nie zmienia koloru, nie matowieje), nie wyciera si\u0119, nie koroduje. Dodatkowo wyst\u0119puje w wersji z\u0142otej (z\u0142ocona z\u0142otym proszkiem z domieszk\u0105 metalu, najcz\u0119\u015bciej tytanu). Wersja z\u0142ota r\u00f3wnie\u017c nie zawiera niklu, wi\u0119c nie wywo\u0142uje alergii i nie tworzy przebarwie\u0144 na sk\u00f3rze. Stal chirurgiczna w kolorze z\u0142otym jest bardziej odporna na \u015bcieranie z\u0142otej pow\u0142oki ni\u017c srebro poz\u0142acane.<\/p>\n\n\n\n<p>Bi\u017cuteria \u201eKorale i inne detale\u201d jest efektowna, ale i delikatna. Aby cieszy\u0107 si\u0119 ni\u0105 latami nie zapomnij o kilku radach.<\/p>\n\n\n\n<p>Unikaj kontaktu bi\u017cuterii z wod\u0105, szczeg\u00f3lnie s\u0142on\u0105, chlorem oraz innymi silnymi zwi\u0105zkami chemicznymi. Staraj si\u0119, by Twoja bi\u017cuteria nie mia\u0142a styczno\u015bci z kosmetykami (np. perfumy, kremy).<\/p>\n\n\n\n<p>Chro\u0144 swoj\u0105 bi\u017cuteri\u0119 przed uderzeniami, upuszczeniem i zbyt silnymi poci\u0105gni\u0119ciami. Pami\u0119taj, by zdejmowa\u0107 bi\u017cuteri\u0119 przed k\u0105piel\u0105 i myciem r\u0105k.<\/p>\n\n\n\n<p>Z biegiem czasu, w wyniku naturalnych czynnik\u00f3w zwi\u0105zanych z u\u017cytkowaniem, na powierzchni bi\u017cuterii mog\u0105 pojawi\u0107 si\u0119 otarcia i zadrapania, mo\u017cesz te\u017c zaobserwowa\u0107 delikatne \u015bcieranie si\u0119 pow\u0142oki z\u0142ocenia. Jest to naturalne i nie podlega gwarancji.<\/p>\n\n\n\n<p>Naturalnym jest r\u00f3wnie\u017c fakt zu\u017cywania si\u0119 chwosta (fr\u0119dzla), stanowi\u0105cego cz\u0119\u015b\u0107 bi\u017cuterii. Gdy chwost zmierzwi\u0142 si\u0119 i wygl\u0105da ma\u0142o estetycznie, mo\u017cna go lekko zwil\u017cy\u0107 go wod\u0105 i bardzo delikatnie przeczesa\u0107 szczotk\u0105 lub grzebieniem. Je\u015bli po czesaniu z chwosta zacznie wychodzi\u0107 nitka mo\u017cna j\u0105 podci\u0105\u0107 r\u00f3wno z innymi. Gwarancji jednak nie podlega jego naturalne zu\u017cywanie si\u0119 lub uszkodzenia powsta\u0142e w wyniku niew\u0142a\u015bciwej piel\u0119gnacji.<\/p>\n\n\n\n<p>Nici, b\u0105d\u017a sznurki, stanowi\u0105ce baz\u0119 bi\u017cuterii tak\u017ce podlegaj\u0105 procesowi naturalnego zu\u017cywania i r\u00f3wnie\u017c nie podlegaj\u0105 reklamacji.<\/p>\n\n\n\n<p>Je\u015bli, mimo stosowania si\u0119 do powy\u017cszych zalece\u0144, Twoja bi\u017cuteria ulegnie uszkodzeniu, mo\u017cesz dokona\u0107 reklamacji.<\/p>\n\n\n\n<p>Je\u015bli Twoja bi\u017cuteria ucierpi w wyniku uraz\u00f3w mechanicznych (np. zerwanie, zgubienie zawieszki, wyszczerbienie kamieni, przetarcie nitki lub sznurka), napisz, a ja j\u0105 naprawi\u0119. Cena takiej us\u0142ugi ustalana jest indywidualnie w zale\u017cno\u015bci od uszkodze\u0144.<\/p>\n","protected":false},"excerpt":{"rendered":"<p>Bi\u017cuteria \u201eKorale i inne detale\u201d wykonana jest z kamieni naturalnych i stali chirurgicznej. Nie zawiera niklu , dlatego mog\u0105 j\u0105 nosi\u0107 r\u00f3wnie\u017c alergicy. Kamienie naturalne u\u017cywane do tworzenia bi\u017cuterii \u201eKorale i inne detale\u201d s\u0105 specjalnie wyselekcjonowane, jednak na ich powierzchni mog\u0105 wyst\u0119powa\u0107 drobne niedoskona\u0142o\u015bci &#8211; plamki, szczeliny lub p\u0119kni\u0119cia, kt\u00f3re nadaj\u0105 im charakteru. Ka\u017cdy kamie\u0144 [&hellip;]<\/p>\n","protected":false},"author":1,"featured_media":0,"parent":0,"menu_order":0,"comment_status":"closed","ping_status":"closed","template":"","meta":{"advanced_seo_description":"","jetpack_seo_html_title":"","jetpack_seo_noindex":false,"footnotes":""},"class_list":["post-355","page","type-page","status-publish","hentry"],"jetpack_sharing_enabled":true,"_links":{"self":[{"href":"https:\/\/koraledetale.pl\/index.php?rest_route=\/wp\/v2\/pages\/355","targetHints":{"allow":["GET"]}}],"collection":[{"href":"https:\/\/koraledetale.pl\/index.php?rest_route=\/wp\/v2\/pages"}],"about":[{"href":"https:\/\/koraledetale.pl\/index.php?rest_route=\/wp\/v2\/types\/page"}],"author":[{"embeddable":true,"href":"https:\/\/koraledetale.pl\/index.php?rest_route=\/wp\/v2\/users\/1"}],"replies":[{"embeddable":true,"href":"https:\/\/koraledetale.pl\/index.php?rest_route=%2Fwp%2Fv2%2Fcomments&post=355"}],"version-history":[{"count":1,"href":"https:\/\/koraledetale.pl\/index.php?rest_route=\/wp\/v2\/pages\/355\/revisions"}],"predecessor-version":[{"id":356,"href":"https:\/\/koraledetale.pl\/index.php?rest_route=\/wp\/v2\/pages\/355\/revisions\/356"}],"wp:attachment":[{"href":"https:\/\/koraledetale.pl\/index.php?rest_route=%2Fwp%2Fv2%2Fmedia&parent=355"}],"curies":[{"name":"wp","href":"https:\/\/api.w.org\/{rel}","templated":true}]}}