{"id":165,"date":"2021-04-18T16:14:27","date_gmt":"2021-04-18T16:14:27","guid":{"rendered":"https:\/\/koraledetale.pl\/?page_id=165"},"modified":"2025-12-12T15:48:20","modified_gmt":"2025-12-12T15:48:20","slug":"formularz-odstapienia-od-umowy","status":"publish","type":"page","link":"https:\/\/koraledetale.pl\/?page_id=165","title":{"rendered":"Zwroty, reklamacje i wady zagra\u017caj\u0105ce bezpiecze\u0144stwu"},"content":{"rendered":"\n<p><strong>ZWROT TOWARU<\/strong><\/p>\n\n\n\n<p>1. Wszystkie produkty mo\u017cesz zwr\u00f3ci\u0107 w ci\u0105gu 14 dni od otrzymania przesy\u0142ki.<\/p>\n\n\n\n<p>2. Napisz na adres&nbsp;<a href=\"mailto:sklep@koraledetale.pl\">sklep@koraledetale.pl<\/a>&nbsp;i poinformuj o swojej decyzji. Mo\u017cesz skorzysta\u0107 z formularza odst\u0105pienia od umowy dost\u0119pnego&nbsp;poni\u017cej. &nbsp;Wszystkie uwagi Klient\u00f3w s\u0105 dla nas cenne, wi\u0119c b\u0119dziemy wdzi\u0119czni je\u015bli napiszesz o powodach Twojej decyzji.<\/p>\n\n\n\n<p>3. Zapakuj dok\u0142adnie zwracany produkt (najlepiej w oryginalne opakowanie).<\/p>\n\n\n\n<p>3. Ode\u015blij zwracany produkt (wraz z orygina\u0142em lub kopi\u0105 paragonu\/ faktury) na adres:&nbsp;<em>Korale i inne detale, ul. Ko\u0142\u0142\u0105taja 16, 10-035 Olsztyn , <\/em>z dopiskiem \u201eZwrot\u201d.<\/p>\n\n\n\n<p>4.&nbsp; Koszt odes\u0142ania towaru nie podlega zwrotowi.<\/p>\n\n\n\n<p>5.&nbsp; Zwrot wp\u0142aty nast\u0105pi w terminie do 14 dni od daty otrzymania zwrotu.<\/p>\n\n\n\n<p>6. Zwrot wp\u0142aty dokonywany jest w  formie w jakiej by\u0142a ona dokonana.<\/p>\n\n\n\n<p>7. Z uwagi na tempo dostarczenia przesy\u0142ki i jej bezpiecze\u0144stwo, najlepiej ode\u015blij produkt firm\u0105 kuriersk\u0105, paczkomatem&nbsp;lub korzystaj\u0105c z opcji pocztowej \u201ePotwierdzenie nadania\u201d\/\u201ePrzesy\u0142ka polecona\u201d.<\/p>\n\n\n\n<p><\/p>\n\n\n\n<p><strong>REKLAMACJE<\/strong><\/p>\n\n\n\n<ol class=\"wp-block-list\">\n<li>Na wszystkie produkty kupione w sklepie przys\u0142uguj\u0105 Ci uprawnienia z tytu\u0142u niezgodno\u015bci towaru z umow\u0105&nbsp;przez okres&nbsp;2 lat od daty zakupu zgodnie z ustaw\u0105 z dnia 27 lipca 2002 r. o szczeg\u00f3lnych warunkach&nbsp;sprzeda\u017cy konsumenckiej oraz o zmianie Kodeksu cywilnego (Dz.U. z 2002 r. Nr 141 z p\u00f3\u017an. zm.).<\/li>\n<\/ol>\n\n\n\n<p>2.&nbsp;Je\u015bli chcesz zareklamowa\u0107 produkt,&nbsp;napisz na adres&nbsp;sklep@koraledetale.pl<\/p>\n\n\n\n<p>3. Opisz wad\u0119 w formularzu reklamacji dost\u0119pnym&nbsp;poni\u017cej.<\/p>\n\n\n\n<p>4. Zapakuj i wy\u015blij reklamowany produkt wraz z wype\u0142nionym formularzem reklamacji na adres:&nbsp;<em> <em><em>Korale i inne detale, ul. Ko\u0142\u0142\u0105taja 16, 10-035 Olsztyn<\/em><\/em>, <\/em>z dopiskiem \u201eReklamacja\u201d.<\/p>\n\n\n\n<p>5.&nbsp; Reklamacje rozpatrywane s\u0105 w przeci\u0105gu 14 dni od daty otrzymania reklamowanego produktu.<\/p>\n\n\n\n<p>6. W przypadku uzasadnionej reklamacji produkt uszkodzony zostanie naprawiony&nbsp;lub wymieniony na inny (pe\u0142nowarto\u015bciowy), a je\u015bli nie b\u0119dzie to mo\u017cliwe \u2013 otrzymasz zwrot r\u00f3wnowarto\u015bci ceny produktu.<\/p>\n\n\n\n<p>7.&nbsp; Koszt wysy\u0142ki reklamowanego produktu &nbsp;nie podlega zwrotowi.<\/p>\n\n\n\n<p><\/p>\n\n\n\n<p><strong>ZG\u0141OSZENIE PRODUKTU ZAGRA\u017bAJ\u0104CEGO BEZPIECZE\u0143STWU PODCZAS JEGO U\u017bYTKOWANIA<\/strong><\/p>\n\n\n\n<ol class=\"wp-block-list\">\n<li>W przypadku stwierdzenia przez Klienta wady zagra\u017caj\u0105cej bezpiecze\u0144stwu podczas u\u017cytkowania Produktu, zobowi\u0105zany jest do natychmiastowego zg\u0142oszenia tego faktu Sprzedawcy, kontaktuj\u0105c si\u0119 z nim w jeden z podanych sposob\u00f3w:<\/li>\n<\/ol>\n\n\n\n<p>\u2013 pisemnie na adres: Korale i inne detale, ul. Ko\u0142\u0142\u0105taja 16, 10-035 Olsztyn;<\/p>\n\n\n\n<p>\u2013 w formie elektronicznej za po\u015brednictwem poczty elektronicznej na adres:&nbsp;<a href=\"mailto:sklep@koraledetale.pl\">sklep@koraledetale.pl<\/a>, <\/p>\n\n\n\n<p>podaj\u0105c w tytule dopisek ZG\u0141OSZENIE PRODUKTU ZAGRA\u017bAJ\u0104CEGO BEZPIECZE\u0143TWU PODCZAS U\u017bYTKOWANIA.<\/p>\n\n\n\n<p>2 Sprzedawca zobowi\u0105zany jest do rejestracji ka\u017cdego zg\u0142oszenia produktu zagra\u017caj\u0105cego bezpiecze\u0144stwu podczas u\u017cytkowania oraz podj\u0119cia natychmiastowych dzia\u0142a\u0144 zgodnych z dokumentacj\u0105 wewn\u0119trzn\u0105, sporz\u0105dzon\u0105 na wypadek wyst\u0105pienia takich sytuacji i przechowywan\u0105 u Sprzedawcy. Klient zg\u0142aszaj\u0105cy wad\u0119 zagra\u017caj\u0105c\u0105 bezpiecze\u0144stwu podczas u\u017cytkowania Produktu zostanie natychmiast poinformowany przez Sprzedawc\u0119 o dalszych dzia\u0142aniach.<\/p>\n\n\n\n<p><\/p>\n\n\n\n<p>Pliki do pobrania:<\/p>\n\n\n\n<div class=\"wp-block-file\"><a id=\"wp-block-file--media-ad42f41e-ee7e-4b33-9b3a-44acd57a4652\" href=\"https:\/\/koraledetale.pl\/wp-content\/uploads\/2023\/02\/Formularz-reklamacji.docx\">Formularz reklamacji<\/a><a href=\"https:\/\/koraledetale.pl\/wp-content\/uploads\/2023\/02\/Formularz-reklamacji.docx\" class=\"wp-block-file__button wp-element-button\" download aria-describedby=\"wp-block-file--media-ad42f41e-ee7e-4b33-9b3a-44acd57a4652\">Pobierz<\/a><\/div>\n\n\n\n<div class=\"wp-block-file\"><a id=\"wp-block-file--media-43ddef01-bcc2-4c36-84c7-5e7fe13469bb\" href=\"https:\/\/koraledetale.pl\/wp-content\/uploads\/2023\/02\/Formularz-odstapienia-od-umowy.docx\">Formularz odst\u0105pienia od umowy<\/a><a href=\"https:\/\/koraledetale.pl\/wp-content\/uploads\/2023\/02\/Formularz-odstapienia-od-umowy.docx\" class=\"wp-block-file__button wp-element-button\" download aria-describedby=\"wp-block-file--media-43ddef01-bcc2-4c36-84c7-5e7fe13469bb\">Pobierz<\/a><\/div>\n","protected":false},"excerpt":{"rendered":"<p>ZWROT TOWARU 1. Wszystkie produkty mo\u017cesz zwr\u00f3ci\u0107 w ci\u0105gu 14 dni od otrzymania przesy\u0142ki. 2. Napisz na adres&nbsp;sklep@koraledetale.pl&nbsp;i poinformuj o swojej decyzji. Mo\u017cesz skorzysta\u0107 z formularza odst\u0105pienia od umowy dost\u0119pnego&nbsp;poni\u017cej. &nbsp;Wszystkie uwagi Klient\u00f3w s\u0105 dla nas cenne, wi\u0119c b\u0119dziemy wdzi\u0119czni je\u015bli napiszesz o powodach Twojej decyzji. 3. Zapakuj dok\u0142adnie zwracany produkt (najlepiej w oryginalne opakowanie). [&hellip;]<\/p>\n","protected":false},"author":1,"featured_media":0,"parent":0,"menu_order":0,"comment_status":"closed","ping_status":"closed","template":"","meta":{"advanced_seo_description":"","jetpack_seo_html_title":"","jetpack_seo_noindex":false,"footnotes":""},"class_list":["post-165","page","type-page","status-publish","hentry"],"jetpack_sharing_enabled":true,"_links":{"self":[{"href":"https:\/\/koraledetale.pl\/index.php?rest_route=\/wp\/v2\/pages\/165","targetHints":{"allow":["GET"]}}],"collection":[{"href":"https:\/\/koraledetale.pl\/index.php?rest_route=\/wp\/v2\/pages"}],"about":[{"href":"https:\/\/koraledetale.pl\/index.php?rest_route=\/wp\/v2\/types\/page"}],"author":[{"embeddable":true,"href":"https:\/\/koraledetale.pl\/index.php?rest_route=\/wp\/v2\/users\/1"}],"replies":[{"embeddable":true,"href":"https:\/\/koraledetale.pl\/index.php?rest_route=%2Fwp%2Fv2%2Fcomments&post=165"}],"version-history":[{"count":15,"href":"https:\/\/koraledetale.pl\/index.php?rest_route=\/wp\/v2\/pages\/165\/revisions"}],"predecessor-version":[{"id":8153,"href":"https:\/\/koraledetale.pl\/index.php?rest_route=\/wp\/v2\/pages\/165\/revisions\/8153"}],"wp:attachment":[{"href":"https:\/\/koraledetale.pl\/index.php?rest_route=%2Fwp%2Fv2%2Fmedia&parent=165"}],"curies":[{"name":"wp","href":"https:\/\/api.w.org\/{rel}","templated":true}]}}